{"id":459,"date":"2026-01-20T20:31:31","date_gmt":"2026-01-20T19:31:31","guid":{"rendered":"https:\/\/dupont.tmp26.iutn.o2switch.site\/module_2_wordpress\/wordpress_02\/?page_id=459"},"modified":"2026-01-25T21:58:10","modified_gmt":"2026-01-25T20:58:10","slug":"marketing-et-relations-clients","status":"publish","type":"page","link":"https:\/\/dupont.tmp26.iutn.o2switch.site\/module_2_wordpress\/wordpress_02\/marketing-et-relations-clients\/","title":{"rendered":"MARKETING ET RELATIONS CLIENTS"},"content":{"rendered":"\n<div class=\"wp-block-group is-vertical is-layout-flex wp-container-core-group-is-layout-8cf370e7 wp-block-group-is-layout-flex\">\n<div class=\"wp-block-cover alignfull is-light\" style=\"min-height:514px;aspect-ratio:unset;\"><span aria-hidden=\"true\" class=\"wp-block-cover__background has-background-dim-100 has-background-dim\" style=\"background-color:#ffffff\"><\/span><div class=\"wp-block-cover__inner-container is-layout-flow wp-block-cover-is-layout-flow\">\n<div class=\"wp-block-media-text alignwide is-stacked-on-mobile\" style=\"grid-template-columns:56% auto\"><figure class=\"wp-block-media-text__media\"><img loading=\"lazy\" decoding=\"async\" width=\"300\" height=\"250\" src=\"https:\/\/dupont.tmp26.iutn.o2switch.site\/module_2_wordpress\/wordpress_02\/wp-content\/uploads\/2026\/01\/shutterstock_2130254846-1-scaled-1-300x250.jpg\" alt=\"\" class=\"wp-image-487 size-medium\" srcset=\"https:\/\/dupont.tmp26.iutn.o2switch.site\/module_2_wordpress\/wordpress_02\/wp-content\/uploads\/2026\/01\/shutterstock_2130254846-1-scaled-1-300x250.jpg 300w, https:\/\/dupont.tmp26.iutn.o2switch.site\/module_2_wordpress\/wordpress_02\/wp-content\/uploads\/2026\/01\/shutterstock_2130254846-1-scaled-1-1024x854.jpg 1024w, https:\/\/dupont.tmp26.iutn.o2switch.site\/module_2_wordpress\/wordpress_02\/wp-content\/uploads\/2026\/01\/shutterstock_2130254846-1-scaled-1-768x640.jpg 768w, https:\/\/dupont.tmp26.iutn.o2switch.site\/module_2_wordpress\/wordpress_02\/wp-content\/uploads\/2026\/01\/shutterstock_2130254846-1-scaled-1-1536x1280.jpg 1536w, https:\/\/dupont.tmp26.iutn.o2switch.site\/module_2_wordpress\/wordpress_02\/wp-content\/uploads\/2026\/01\/shutterstock_2130254846-1-scaled-1-2048x1707.jpg 2048w\" sizes=\"auto, (max-width: 300px) 100vw, 300px\" \/><\/figure><div class=\"wp-block-media-text__content\">\n<h2 class=\"wp-block-heading has-text-color\" style=\"color:#000000;font-size:32px\"><strong>Accueil et qualit\u00e9 de service<\/strong><\/h2>\n\n\n\n<p class=\"has-text-color\" style=\"color:#000000;font-size:17px\"><strong>Boostez votre accueil et la qualit\u00e9 de votre service client !<\/strong><br>Une formation courte pour apprendre \u00e0 mieux comprendre vos clients, r\u00e9pondre avec assurance \u00e0 leurs attentes, g\u00e9rer les situations d\u00e9licates et fid\u00e9liser gr\u00e2ce \u00e0 une relation client positive. Accessible \u00e0 tous, sans pr\u00e9requis.<\/p>\n\n\n\n<div class=\"wp-block-buttons is-layout-flex wp-block-buttons-is-layout-flex\">\n<div class=\"wp-block-button is-style-fill\"><a class=\"wp-block-button__link has-luminous-vivid-amber-background-color has-background wp-element-button\" href=\"https:\/\/www.martinique.cci.fr\/accueil_qualite_de_service.aspx\">EN SAVOIR PLUS<\/a><\/div>\n<\/div>\n<\/div><\/div>\n<\/div><\/div>\n<\/div>\n\n\n\n<div class=\"wp-block-cover aligncenter is-light has-custom-content-position is-position-top-left\" style=\"min-height:701px;aspect-ratio:unset;\"><span aria-hidden=\"true\" class=\"wp-block-cover__background has-background-dim-100 has-background-dim\" style=\"background-color:#ffffff\"><\/span><div class=\"wp-block-cover__inner-container is-layout-flow wp-block-cover-is-layout-flow\">\n<div class=\"wp-block-media-text alignwide has-media-on-the-right is-stacked-on-mobile is-vertically-aligned-center\"><div class=\"wp-block-media-text__content\">\n<h2 class=\"wp-block-heading has-text-color\" style=\"color:#000000;font-size:32px\"><strong>CCE &#8211; Ma\u00eetriser les techniques de vente et de n\u00e9gociation<\/strong><\/h2>\n\n\n\n<p class=\"has-text-color\" style=\"color:#000000;font-size:17px\"><strong>Boostez vos comp\u00e9tences commerciales !<\/strong><br>Une formation pratique pour ma\u00eetriser les&nbsp;<strong>techniques de vente et de n\u00e9gociation<\/strong>&nbsp;: savoir \u00e9couter, convaincre, r\u00e9pondre aux objections et conclure des accords efficaces. Id\u00e9al pour tous les collaborateurs en contact avec la client\u00e8le.<\/p>\n\n\n\n<div class=\"wp-block-buttons is-layout-flex wp-block-buttons-is-layout-flex\">\n<div class=\"wp-block-button is-style-fill\"><a class=\"wp-block-button__link has-luminous-vivid-amber-background-color has-background wp-element-button\" href=\"https:\/\/www.martinique.cci.fr\/negociation_commerciale.aspx\">EN SAVOIR PLUS<\/a><\/div>\n<\/div>\n<\/div><figure class=\"wp-block-media-text__media\"><img loading=\"lazy\" decoding=\"async\" width=\"826\" height=\"479\" src=\"https:\/\/dupont.tmp26.iutn.o2switch.site\/module_2_wordpress\/wordpress_02\/wp-content\/uploads\/2026\/01\/image_commercila6.jpg\" alt=\"\" class=\"wp-image-503 size-full\" srcset=\"https:\/\/dupont.tmp26.iutn.o2switch.site\/module_2_wordpress\/wordpress_02\/wp-content\/uploads\/2026\/01\/image_commercila6.jpg 826w, https:\/\/dupont.tmp26.iutn.o2switch.site\/module_2_wordpress\/wordpress_02\/wp-content\/uploads\/2026\/01\/image_commercila6-300x174.jpg 300w, https:\/\/dupont.tmp26.iutn.o2switch.site\/module_2_wordpress\/wordpress_02\/wp-content\/uploads\/2026\/01\/image_commercila6-768x445.jpg 768w\" sizes=\"auto, (max-width: 826px) 100vw, 826px\" \/><\/figure><\/div>\n<\/div><\/div>\n\n\n\n<hr class=\"wp-block-separator has-css-opacity is-style-default\"\/>\n\n\n<div class=\"wp-block-image is-style-rounded\">\n<figure class=\"aligncenter size-full is-resized\"><img loading=\"lazy\" decoding=\"async\" width=\"1010\" height=\"1020\" src=\"https:\/\/dupont.tmp26.iutn.o2switch.site\/module_2_wordpress\/wordpress_02\/wp-content\/uploads\/2026\/01\/Capture-decran-2026-01-20-a-16.48.16.png\" alt=\"\" class=\"wp-image-615\" style=\"aspect-ratio:1;width:256px;height:auto\" srcset=\"https:\/\/dupont.tmp26.iutn.o2switch.site\/module_2_wordpress\/wordpress_02\/wp-content\/uploads\/2026\/01\/Capture-decran-2026-01-20-a-16.48.16.png 1010w, https:\/\/dupont.tmp26.iutn.o2switch.site\/module_2_wordpress\/wordpress_02\/wp-content\/uploads\/2026\/01\/Capture-decran-2026-01-20-a-16.48.16-297x300.png 297w, https:\/\/dupont.tmp26.iutn.o2switch.site\/module_2_wordpress\/wordpress_02\/wp-content\/uploads\/2026\/01\/Capture-decran-2026-01-20-a-16.48.16-150x150.png 150w, https:\/\/dupont.tmp26.iutn.o2switch.site\/module_2_wordpress\/wordpress_02\/wp-content\/uploads\/2026\/01\/Capture-decran-2026-01-20-a-16.48.16-768x776.png 768w\" sizes=\"auto, (max-width: 1010px) 100vw, 1010px\" \/><\/figure>\n<\/div>\n\n\n<blockquote class=\"wp-block-quote has-text-align-center is-style-large is-layout-flow wp-block-quote-is-layout-flow\">\n<p>\u00ab&nbsp;Avoir suivi la formation Accueil et qualit\u00e9 de service m&rsquo;a permis de d\u00e9velopper certaines de mes comp\u00e9tences et m&rsquo;a permis d&rsquo;am\u00e9liorer mon service client&nbsp;\u00bb<\/p>\n<cite>\u2014 Anna CONCONNE, <em>Salari\u00e9e de Cultura<\/em><\/cite><\/blockquote>\n\n\n\n<hr class=\"wp-block-separator has-css-opacity is-style-default\"\/>\n\n\n\n<div class=\"wp-block-group alignfull has-text-color has-background\" style=\"color:#000000;background-color:#ffffff\"><div class=\"wp-block-group__inner-container is-layout-flow wp-block-group-is-layout-flow\">\n<div style=\"height:64px\" aria-hidden=\"true\" class=\"wp-block-spacer\"><\/div>\n\n\n\n<p class=\"has-text-align-center has-small-font-size\" style=\"line-height:.9\"><strong>Vous n&rsquo;\u00eates pas disponible ?<\/strong><\/p>\n\n\n\n<h2 class=\"wp-block-heading has-text-align-center\" id=\"schedule-a-visit\" style=\"font-size:59px;line-height:1.15\"><strong>Pr\u00e9voir un<\/strong> appel t\u00e9l\u00e9phonique<\/h2>\n\n\n\n<div class=\"wp-block-buttons is-horizontal is-content-justification-center is-layout-flex wp-container-core-buttons-is-layout-499968f5 wp-block-buttons-is-layout-flex\">\n<div class=\"wp-block-button has-custom-width wp-block-button__width-50\"><a class=\"wp-block-button__link has-luminous-vivid-amber-background-color has-text-color has-background wp-element-button\" style=\"border-radius:50px;color:#ffffff\">Contactez-nous<\/a><\/div>\n<\/div>\n\n\n\n<div style=\"height:64px\" aria-hidden=\"true\" class=\"wp-block-spacer\"><\/div>\n<\/div><\/div>\n\n\n\n<div class=\"wp-block-group alignfull is-content-justification-space-between is-layout-flex wp-container-core-group-is-layout-0904c582 wp-block-group-is-layout-flex\" style=\"margin-top:0;margin-bottom:0;padding-top:var(--wp--preset--spacing--50);padding-right:var(--wp--preset--spacing--30);padding-bottom:var(--wp--preset--spacing--50);padding-left:var(--wp--preset--spacing--30)\">\n<div class=\"wp-block-group wp-container-content-9cfa9a5a is-vertical is-layout-flex wp-container-core-group-is-layout-b7faace9 wp-block-group-is-layout-flex\"><h1 class=\"wp-block-site-title has-medium-font-size\"><a href=\"https:\/\/dupont.tmp26.iutn.o2switch.site\/module_2_wordpress\/wordpress_02\" target=\"_self\" rel=\"home\">SkillFor Campus<\/a><\/h1>\n\n\n<p class=\"has-text-align-left\">Rue Aubin Edmond,&nbsp;<br>Shoelcher, 97233<br>Martinique<\/p>\n\n\n\n<p class=\"has-text-align-left has-small-font-size\">Proudly powered by <a rel=\"nofollow\" href=\"https:\/\/wordpress.org\">WordPress<\/a> <\/p>\n\n\n\n<div style=\"height:0px\" aria-hidden=\"true\" class=\"wp-block-spacer wp-container-content-541a6b20\"><\/div>\n<\/div>\n\n\n\n<div class=\"wp-block-group is-content-justification-right is-layout-flex wp-container-core-group-is-layout-58daa69f wp-block-group-is-layout-flex\">\n<div class=\"wp-block-group is-vertical is-layout-flex wp-container-core-group-is-layout-8cf370e7 wp-block-group-is-layout-flex\">\n<p class=\"has-text-align-left\">Pages<\/p>\n\n\n<nav class=\"has-small-font-size items-justified-left is-vertical no-wrap wp-block-navigation is-content-justification-left is-nowrap is-layout-flex wp-container-core-navigation-is-layout-13b8677b wp-block-navigation-is-layout-flex\"><ul class=\"wp-block-navigation__container has-small-font-size items-justified-left is-vertical no-wrap wp-block-navigation has-small-font-size\"><li class=\"has-small-font-size wp-block-navigation-item wp-block-navigation-link\"><a class=\"wp-block-navigation-item__content\"  href=\"https:\/\/dupont.tmp26.iutn.o2switch.site\/module_2_wordpress\/wordpress_02\/accueil\/\"><span class=\"wp-block-navigation-item__label\">Accueil<\/span><\/a><\/li><li class=\"has-small-font-size wp-block-navigation-item wp-block-navigation-link\"><a class=\"wp-block-navigation-item__content\"  href=\"https:\/\/dupont.tmp26.iutn.o2switch.site\/module_2_wordpress\/wordpress_02\/lp-e-commerce\/\"><span class=\"wp-block-navigation-item__label\">LP E-Commerce<\/span><\/a><\/li><li data-wp-context=\"{ &quot;submenuOpenedBy&quot;: { &quot;click&quot;: false, &quot;hover&quot;: false, &quot;focus&quot;: false }, &quot;type&quot;: &quot;submenu&quot;, &quot;modal&quot;: null, &quot;previousFocus&quot;: null }\" data-wp-interactive=\"core\/navigation\" data-wp-on--focusout=\"actions.handleMenuFocusout\" data-wp-on--keydown=\"actions.handleMenuKeydown\" data-wp-on--mouseenter=\"actions.openMenuOnHover\" data-wp-on--mouseleave=\"actions.closeMenuOnHover\" data-wp-watch=\"callbacks.initMenu\" tabindex=\"-1\" class=\"wp-block-navigation-item has-small-font-size has-child open-on-hover-click wp-block-navigation-submenu\"><a class=\"wp-block-navigation-item__content\" href=\"https:\/\/dupont.tmp26.iutn.o2switch.site\/module_2_wordpress\/wordpress_02\/cfa\/\"><span class=\"wp-block-navigation-item__label\">CFA<\/span><\/a><button data-wp-bind--aria-expanded=\"state.isMenuOpen\" data-wp-on--click=\"actions.toggleMenuOnClick\" aria-label=\"Sous-menu CFA\" class=\"wp-block-navigation__submenu-icon wp-block-navigation-submenu__toggle\" ><svg xmlns=\"http:\/\/www.w3.org\/2000\/svg\" width=\"12\" height=\"12\" viewBox=\"0 0 12 12\" fill=\"none\" aria-hidden=\"true\" focusable=\"false\"><path d=\"M1.50002 4L6.00002 8L10.5 4\" stroke-width=\"1.5\"><\/path><\/svg><\/button><ul data-wp-on--focus=\"actions.openMenuOnFocus\" class=\"wp-block-navigation__submenu-container wp-block-navigation-submenu\"><li class=\"has-small-font-size wp-block-navigation-item wp-block-navigation-link\"><a class=\"wp-block-navigation-item__content\"  href=\"https:\/\/dupont.tmp26.iutn.o2switch.site\/module_2_wordpress\/wordpress_02\/cfa\/cfa-1\/\"><span class=\"wp-block-navigation-item__label\">CFA 1<\/span><\/a><\/li><li class=\"has-small-font-size wp-block-navigation-item wp-block-navigation-link\"><a class=\"wp-block-navigation-item__content\"  href=\"https:\/\/dupont.tmp26.iutn.o2switch.site\/module_2_wordpress\/wordpress_02\/cfa\/cfa-2\/\"><span class=\"wp-block-navigation-item__label\">CFA 2<\/span><\/a><\/li><\/ul><\/li><li class=\"has-small-font-size wp-block-navigation-item wp-block-navigation-link\"><a class=\"wp-block-navigation-item__content\"  href=\"https:\/\/dupont.tmp26.iutn.o2switch.site\/module_2_wordpress\/wordpress_02\/formation-conitnue\/\"><span class=\"wp-block-navigation-item__label\">Formation Conitnue<\/span><\/a><\/li><\/ul><\/nav>\n\n\n<div style=\"height:0px\" aria-hidden=\"true\" class=\"wp-block-spacer wp-container-content-541a6b20\"><\/div>\n<\/div>\n\n\n\n<div class=\"wp-block-group is-vertical is-layout-flex wp-container-core-group-is-layout-8cf370e7 wp-block-group-is-layout-flex\">\n<p class=\"has-text-align-left\">Social<\/p>\n\n\n\n<div class=\"wp-block-group is-vertical is-content-justification-left is-layout-flex wp-container-core-group-is-layout-d2172249 wp-block-group-is-layout-flex\">\n<p><a href=\"https:\/\/www.facebook.com\/SkillforCampus\/?locale=fr_FR\">Facebook<\/a><\/p>\n\n\n\n<p><a href=\"https:\/\/www.instagram.com\/skillforcampus\">Instagram<\/a><\/p>\n\n\n\n<p><a href=\"https:\/\/www.linkedin.com\/company\/skillfor-campus972\/\">LinkedIn<\/a><\/p>\n<\/div>\n\n\n\n<div style=\"height:0px\" aria-hidden=\"true\" class=\"wp-block-spacer wp-container-content-541a6b20\"><\/div>\n<\/div>\n<\/div>\n<\/div>\n","protected":false},"excerpt":{"rendered":"<p>\u00ab&nbsp;Avoir suivi la formation Accueil et qualit\u00e9 de service m&rsquo;a permis de d\u00e9velopper certaines de mes comp\u00e9tences et m&rsquo;a permis d&rsquo;am\u00e9liorer mon service client&nbsp;\u00bb \u2014 Anna CONCONNE, Salari\u00e9e de Cultura Vous n&rsquo;\u00eates pas disponible ? Pr\u00e9voir un appel t\u00e9l\u00e9phonique Rue Aubin Edmond,&nbsp;Shoelcher, 97233Martinique Proudly powered by WordPress Pages Social Facebook Instagram LinkedIn<\/p>\n","protected":false},"author":5,"featured_media":0,"parent":0,"menu_order":0,"comment_status":"closed","ping_status":"closed","template":"","meta":{"footnotes":""},"class_list":["post-459","page","type-page","status-publish","hentry"],"_links":{"self":[{"href":"https:\/\/dupont.tmp26.iutn.o2switch.site\/module_2_wordpress\/wordpress_02\/wp-json\/wp\/v2\/pages\/459","targetHints":{"allow":["GET"]}}],"collection":[{"href":"https:\/\/dupont.tmp26.iutn.o2switch.site\/module_2_wordpress\/wordpress_02\/wp-json\/wp\/v2\/pages"}],"about":[{"href":"https:\/\/dupont.tmp26.iutn.o2switch.site\/module_2_wordpress\/wordpress_02\/wp-json\/wp\/v2\/types\/page"}],"author":[{"embeddable":true,"href":"https:\/\/dupont.tmp26.iutn.o2switch.site\/module_2_wordpress\/wordpress_02\/wp-json\/wp\/v2\/users\/5"}],"replies":[{"embeddable":true,"href":"https:\/\/dupont.tmp26.iutn.o2switch.site\/module_2_wordpress\/wordpress_02\/wp-json\/wp\/v2\/comments?post=459"}],"version-history":[{"count":19,"href":"https:\/\/dupont.tmp26.iutn.o2switch.site\/module_2_wordpress\/wordpress_02\/wp-json\/wp\/v2\/pages\/459\/revisions"}],"predecessor-version":[{"id":730,"href":"https:\/\/dupont.tmp26.iutn.o2switch.site\/module_2_wordpress\/wordpress_02\/wp-json\/wp\/v2\/pages\/459\/revisions\/730"}],"wp:attachment":[{"href":"https:\/\/dupont.tmp26.iutn.o2switch.site\/module_2_wordpress\/wordpress_02\/wp-json\/wp\/v2\/media?parent=459"}],"curies":[{"name":"wp","href":"https:\/\/api.w.org\/{rel}","templated":true}]}}