{"id":44,"date":"2026-01-19T21:53:15","date_gmt":"2026-01-19T20:53:15","guid":{"rendered":"https:\/\/dupont.tmp26.iutn.o2switch.site\/module_2_wordpress\/wordpress_02\/?page_id=44"},"modified":"2026-01-25T21:34:53","modified_gmt":"2026-01-25T20:34:53","slug":"nous-contacter","status":"publish","type":"page","link":"https:\/\/dupont.tmp26.iutn.o2switch.site\/module_2_wordpress\/wordpress_02\/formation-conitnue\/nous-contacter\/","title":{"rendered":"Nous contacter"},"content":{"rendered":"\n<figure class=\"wp-block-image size-full is-resized\"><img loading=\"lazy\" decoding=\"async\" width=\"740\" height=\"416\" src=\"https:\/\/dupont.tmp26.iutn.o2switch.site\/module_2_wordpress\/wordpress_02\/wp-content\/uploads\/2026\/01\/personnes-au-bureau-pendant-journee-travail_23-2150690162.jpg-edited.avif\" alt=\"\" class=\"wp-image-101\" style=\"aspect-ratio:1.7777777777777777;object-fit:cover;width:840px;height:auto\" srcset=\"https:\/\/dupont.tmp26.iutn.o2switch.site\/module_2_wordpress\/wordpress_02\/wp-content\/uploads\/2026\/01\/personnes-au-bureau-pendant-journee-travail_23-2150690162.jpg-edited.avif 740w, https:\/\/dupont.tmp26.iutn.o2switch.site\/module_2_wordpress\/wordpress_02\/wp-content\/uploads\/2026\/01\/personnes-au-bureau-pendant-journee-travail_23-2150690162.jpg-edited-300x169.avif 300w\" sizes=\"auto, (max-width: 740px) 100vw, 740px\" \/><\/figure>\n\n\n\n<div style=\"height:30px\" aria-hidden=\"true\" class=\"wp-block-spacer\"><\/div>\n\n\n\n<div class=\"wp-block-columns is-layout-flex wp-container-core-columns-is-layout-9d6595d7 wp-block-columns-is-layout-flex\">\n<div class=\"wp-block-column is-vertically-aligned-center is-layout-flow wp-block-column-is-layout-flow\" style=\"flex-basis:300px\">\n<h5 class=\"wp-block-heading has-text-align-center has-background\" style=\"background-color:#8dd2fc38\">Nous retrouver<\/h5>\n\n\n\n<div class=\"wp-block-group is-vertical is-content-justification-center is-layout-flex wp-container-core-group-is-layout-73a99bce wp-block-group-is-layout-flex\">\n<div class=\"wp-block-group is-vertical is-layout-flex wp-container-core-group-is-layout-8cf370e7 wp-block-group-is-layout-flex\">\n<figure class=\"wp-block-image size-thumbnail\"><img loading=\"lazy\" decoding=\"async\" width=\"150\" height=\"150\" src=\"https:\/\/dupont.tmp26.iutn.o2switch.site\/module_2_wordpress\/wordpress_02\/wp-content\/uploads\/2026\/01\/icone-loca-3-150x150.png\" alt=\"\" class=\"wp-image-252\" style=\"aspect-ratio:1;object-fit:cover\" srcset=\"https:\/\/dupont.tmp26.iutn.o2switch.site\/module_2_wordpress\/wordpress_02\/wp-content\/uploads\/2026\/01\/icone-loca-3-150x150.png 150w, https:\/\/dupont.tmp26.iutn.o2switch.site\/module_2_wordpress\/wordpress_02\/wp-content\/uploads\/2026\/01\/icone-loca-3-300x300.png 300w, https:\/\/dupont.tmp26.iutn.o2switch.site\/module_2_wordpress\/wordpress_02\/wp-content\/uploads\/2026\/01\/icone-loca-3.png 512w\" sizes=\"auto, (max-width: 150px) 100vw, 150px\" \/><\/figure>\n<\/div>\n\n\n\n<div class=\"wp-block-group is-vertical is-layout-flex wp-container-core-group-is-layout-8cf370e7 wp-block-group-is-layout-flex\">\n<p class=\"has-text-align-center\">Rue Edmond Aubin \u2013 Quartier Case navire<br>97233 Schoelcher<br>Service : CCIM-FORMATION<\/p>\n<\/div>\n<\/div>\n\n\n\n<div style=\"height:25px\" aria-hidden=\"true\" class=\"wp-block-spacer\"><\/div>\n\n\n\n<div class=\"wp-block-buttons is-content-justification-center is-layout-flex wp-container-core-buttons-is-layout-16018d1d wp-block-buttons-is-layout-flex\">\n<div class=\"wp-block-button has-custom-width wp-block-button__width-100\"><a class=\"wp-block-button__link has-luminous-vivid-amber-background-color has-background wp-element-button\">Adresse<\/a><\/div>\n<\/div>\n\n\n\n<div style=\"height:62px\" aria-hidden=\"true\" class=\"wp-block-spacer\"><\/div>\n<\/div>\n\n\n\n<div class=\"wp-block-column is-layout-flow wp-block-column-is-layout-flow\" style=\"flex-basis:300px\">\n<h5 class=\"wp-block-heading has-text-align-center has-background\" style=\"background-color:#8dd2fc38\">T\u00e9l\u00e9phone<\/h5>\n\n\n\n<div class=\"wp-block-group is-vertical is-content-justification-center is-layout-flex wp-container-core-group-is-layout-48c2c4f0 wp-block-group-is-layout-flex\">\n<figure class=\"wp-block-image size-thumbnail\"><img loading=\"lazy\" decoding=\"async\" width=\"150\" height=\"150\" src=\"https:\/\/dupont.tmp26.iutn.o2switch.site\/module_2_wordpress\/wordpress_02\/wp-content\/uploads\/2026\/01\/icone-mail-150x150.png\" alt=\"\" class=\"wp-image-228\" style=\"aspect-ratio:1;object-fit:cover\" srcset=\"https:\/\/dupont.tmp26.iutn.o2switch.site\/module_2_wordpress\/wordpress_02\/wp-content\/uploads\/2026\/01\/icone-mail-150x150.png 150w, https:\/\/dupont.tmp26.iutn.o2switch.site\/module_2_wordpress\/wordpress_02\/wp-content\/uploads\/2026\/01\/icone-mail-300x300.png 300w, https:\/\/dupont.tmp26.iutn.o2switch.site\/module_2_wordpress\/wordpress_02\/wp-content\/uploads\/2026\/01\/icone-mail.png 512w\" sizes=\"auto, (max-width: 150px) 100vw, 150px\" \/><\/figure>\n\n\n\n<div class=\"wp-block-group is-vertical is-layout-flex wp-container-core-group-is-layout-8cf370e7 wp-block-group-is-layout-flex\">\n<p class=\"has-text-align-center\">05 96 42 78 78<br><\/p>\n<\/div>\n\n\n\n<div class=\"wp-block-buttons is-layout-flex wp-block-buttons-is-layout-flex\"><\/div>\n<\/div>\n\n\n\n<div style=\"height:53px\" aria-hidden=\"true\" class=\"wp-block-spacer\"><\/div>\n\n\n\n<div style=\"height:12px\" aria-hidden=\"true\" class=\"wp-block-spacer\"><\/div>\n\n\n\n<div class=\"wp-block-buttons is-content-justification-center is-layout-flex wp-container-core-buttons-is-layout-16018d1d wp-block-buttons-is-layout-flex\">\n<div class=\"wp-block-button has-custom-width wp-block-button__width-100\"><a class=\"wp-block-button__link has-luminous-vivid-amber-background-color has-background wp-element-button\">Appeler<\/a><\/div>\n<\/div>\n\n\n\n<p><\/p>\n<\/div>\n\n\n\n<div class=\"wp-block-column is-layout-flow wp-block-column-is-layout-flow\" style=\"flex-basis:300px\">\n<h5 class=\"wp-block-heading has-text-align-center has-background\" style=\"background-color:#8dd2fc38\">E-mail<\/h5>\n\n\n\n<div class=\"wp-block-group is-vertical is-content-justification-center is-layout-flex wp-container-core-group-is-layout-48c2c4f0 wp-block-group-is-layout-flex\">\n<figure class=\"wp-block-image size-thumbnail\"><img loading=\"lazy\" decoding=\"async\" width=\"150\" height=\"150\" src=\"https:\/\/dupont.tmp26.iutn.o2switch.site\/module_2_wordpress\/wordpress_02\/wp-content\/uploads\/2026\/01\/icone-tel-150x150.jpg\" alt=\"\" class=\"wp-image-229\" style=\"aspect-ratio:1;object-fit:cover\" srcset=\"https:\/\/dupont.tmp26.iutn.o2switch.site\/module_2_wordpress\/wordpress_02\/wp-content\/uploads\/2026\/01\/icone-tel-150x150.jpg 150w, https:\/\/dupont.tmp26.iutn.o2switch.site\/module_2_wordpress\/wordpress_02\/wp-content\/uploads\/2026\/01\/icone-tel-300x300.jpg 300w, https:\/\/dupont.tmp26.iutn.o2switch.site\/module_2_wordpress\/wordpress_02\/wp-content\/uploads\/2026\/01\/icone-tel.jpg 360w\" sizes=\"auto, (max-width: 150px) 100vw, 150px\" \/><\/figure>\n\n\n\n<div class=\"wp-block-group is-vertical is-layout-flex wp-container-core-group-is-layout-8cf370e7 wp-block-group-is-layout-flex\">\n<p class=\"has-text-align-center\">hvermes@kpmg.fr<\/p>\n<\/div>\n<\/div>\n\n\n\n<div style=\"height:73px\" aria-hidden=\"true\" class=\"wp-block-spacer\"><\/div>\n\n\n\n<div class=\"wp-block-buttons is-content-justification-center is-layout-flex wp-container-core-buttons-is-layout-16018d1d wp-block-buttons-is-layout-flex\">\n<div class=\"wp-block-button has-custom-width wp-block-button__width-100 is-style-fill\"><a class=\"wp-block-button__link has-luminous-vivid-amber-background-color has-background wp-element-button\">Message<\/a><\/div>\n<\/div>\n\n\n\n<p><\/p>\n<\/div>\n<\/div>\n\n\n\n<h2 class=\"wp-block-heading\">Vous \u00eates :<\/h2>\n\n\n\n<div class=\"wp-block-columns is-layout-flex wp-container-core-columns-is-layout-9d6595d7 wp-block-columns-is-layout-flex\">\n<div class=\"wp-block-column is-layout-flow wp-block-column-is-layout-flow\">\n<div class=\"wp-block-group is-vertical is-content-justification-center is-layout-flex wp-container-core-group-is-layout-4b2eccd6 wp-block-group-is-layout-flex\">\n<p class=\"has-text-align-center\">Un particulier<\/p>\n\n\n\n<figure class=\"wp-block-image size-medium\"><img loading=\"lazy\" decoding=\"async\" width=\"300\" height=\"200\" src=\"https:\/\/dupont.tmp26.iutn.o2switch.site\/module_2_wordpress\/wordpress_02\/wp-content\/uploads\/2026\/01\/canva-smiling-young-woman-relaxing-at-home-MAEjSF-Tzdg-300x200.jpg\" alt=\"\" class=\"wp-image-572\" style=\"aspect-ratio:1;object-fit:cover\" srcset=\"https:\/\/dupont.tmp26.iutn.o2switch.site\/module_2_wordpress\/wordpress_02\/wp-content\/uploads\/2026\/01\/canva-smiling-young-woman-relaxing-at-home-MAEjSF-Tzdg-300x200.jpg 300w, https:\/\/dupont.tmp26.iutn.o2switch.site\/module_2_wordpress\/wordpress_02\/wp-content\/uploads\/2026\/01\/canva-smiling-young-woman-relaxing-at-home-MAEjSF-Tzdg.jpg 550w\" sizes=\"auto, (max-width: 300px) 100vw, 300px\" \/><\/figure>\n\n\n\n<div class=\"wp-block-group is-vertical is-layout-flex wp-container-core-group-is-layout-8cf370e7 wp-block-group-is-layout-flex\">\n<div class=\"wp-block-buttons is-content-justification-center is-layout-flex wp-container-core-buttons-is-layout-16018d1d wp-block-buttons-is-layout-flex\">\n<div class=\"wp-block-button has-custom-width wp-block-button__width-100\"><a class=\"wp-block-button__link has-background wp-element-button\" style=\"background-color:#074de3\">C&rsquo;est pour moi<\/a><\/div>\n<\/div>\n<\/div>\n<\/div>\n<\/div>\n\n\n\n<div class=\"wp-block-column is-layout-flow wp-block-column-is-layout-flow\">\n<div class=\"wp-block-group is-vertical is-content-justification-center is-layout-flex wp-container-core-group-is-layout-48c2c4f0 wp-block-group-is-layout-flex\">\n<p class=\"has-text-align-center\">Un professionnel <\/p>\n\n\n\n<figure class=\"wp-block-image size-medium\"><img loading=\"lazy\" decoding=\"async\" width=\"300\" height=\"200\" src=\"https:\/\/dupont.tmp26.iutn.o2switch.site\/module_2_wordpress\/wordpress_02\/wp-content\/uploads\/2026\/01\/tl-300x200.webp\" alt=\"\" class=\"wp-image-590\" style=\"aspect-ratio:1;object-fit:cover\" srcset=\"https:\/\/dupont.tmp26.iutn.o2switch.site\/module_2_wordpress\/wordpress_02\/wp-content\/uploads\/2026\/01\/tl-300x200.webp 300w, https:\/\/dupont.tmp26.iutn.o2switch.site\/module_2_wordpress\/wordpress_02\/wp-content\/uploads\/2026\/01\/tl.webp 550w\" sizes=\"auto, (max-width: 300px) 100vw, 300px\" \/><\/figure>\n\n\n\n<div class=\"wp-block-group is-vertical is-layout-flex wp-container-core-group-is-layout-8cf370e7 wp-block-group-is-layout-flex\">\n<div class=\"wp-block-buttons is-content-justification-center is-layout-flex wp-container-core-buttons-is-layout-16018d1d wp-block-buttons-is-layout-flex\">\n<div class=\"wp-block-button\"><a class=\"wp-block-button__link has-background wp-element-button\" style=\"background-color:#074de3\">Je forme un salari\u00e9<\/a><\/div>\n<\/div>\n<\/div>\n<\/div>\n<\/div>\n<\/div>\n\n\n\n<div style=\"height:139px\" aria-hidden=\"true\" class=\"wp-block-spacer\"><\/div>\n\n\n\n<div class=\"wp-block-columns is-layout-flex wp-container-core-columns-is-layout-9d6595d7 wp-block-columns-is-layout-flex\">\n<div class=\"wp-block-column is-layout-flow wp-block-column-is-layout-flow\">\n<figure class=\"wp-block-image size-thumbnail is-resized\"><img loading=\"lazy\" decoding=\"async\" width=\"150\" height=\"150\" src=\"https:\/\/dupont.tmp26.iutn.o2switch.site\/module_2_wordpress\/wordpress_02\/wp-content\/uploads\/2026\/01\/facebook-removebg-preview-150x150.png\" alt=\"\" class=\"wp-image-537\" style=\"width:60px;height:auto\" srcset=\"https:\/\/dupont.tmp26.iutn.o2switch.site\/module_2_wordpress\/wordpress_02\/wp-content\/uploads\/2026\/01\/facebook-removebg-preview-150x150.png 150w, https:\/\/dupont.tmp26.iutn.o2switch.site\/module_2_wordpress\/wordpress_02\/wp-content\/uploads\/2026\/01\/facebook-removebg-preview-300x300.png 300w, https:\/\/dupont.tmp26.iutn.o2switch.site\/module_2_wordpress\/wordpress_02\/wp-content\/uploads\/2026\/01\/facebook-removebg-preview.png 500w\" sizes=\"auto, (max-width: 150px) 100vw, 150px\" \/><\/figure>\n<\/div>\n\n\n\n<div class=\"wp-block-column is-layout-flow wp-block-column-is-layout-flow\">\n<figure class=\"wp-block-image size-thumbnail is-resized\"><img loading=\"lazy\" decoding=\"async\" width=\"150\" height=\"150\" src=\"https:\/\/dupont.tmp26.iutn.o2switch.site\/module_2_wordpress\/wordpress_02\/wp-content\/uploads\/2026\/01\/insta-removebg-preview-150x150.png\" alt=\"\" class=\"wp-image-538\" style=\"width:62px;height:auto\" srcset=\"https:\/\/dupont.tmp26.iutn.o2switch.site\/module_2_wordpress\/wordpress_02\/wp-content\/uploads\/2026\/01\/insta-removebg-preview-150x150.png 150w, https:\/\/dupont.tmp26.iutn.o2switch.site\/module_2_wordpress\/wordpress_02\/wp-content\/uploads\/2026\/01\/insta-removebg-preview-300x300.png 300w, https:\/\/dupont.tmp26.iutn.o2switch.site\/module_2_wordpress\/wordpress_02\/wp-content\/uploads\/2026\/01\/insta-removebg-preview.png 500w\" sizes=\"auto, (max-width: 150px) 100vw, 150px\" \/><\/figure>\n<\/div>\n\n\n\n<div class=\"wp-block-column is-layout-flow wp-block-column-is-layout-flow\">\n<figure class=\"wp-block-image size-thumbnail is-resized\"><img loading=\"lazy\" decoding=\"async\" width=\"150\" height=\"150\" src=\"https:\/\/dupont.tmp26.iutn.o2switch.site\/module_2_wordpress\/wordpress_02\/wp-content\/uploads\/2026\/01\/linkedin-removebg-preview-150x150.png\" alt=\"\" class=\"wp-image-540\" style=\"width:77px;height:auto\" srcset=\"https:\/\/dupont.tmp26.iutn.o2switch.site\/module_2_wordpress\/wordpress_02\/wp-content\/uploads\/2026\/01\/linkedin-removebg-preview-150x150.png 150w, https:\/\/dupont.tmp26.iutn.o2switch.site\/module_2_wordpress\/wordpress_02\/wp-content\/uploads\/2026\/01\/linkedin-removebg-preview-300x300.png 300w, https:\/\/dupont.tmp26.iutn.o2switch.site\/module_2_wordpress\/wordpress_02\/wp-content\/uploads\/2026\/01\/linkedin-removebg-preview.png 500w\" sizes=\"auto, (max-width: 150px) 100vw, 150px\" \/><\/figure>\n<\/div>\n\n\n\n<div class=\"wp-block-column is-layout-flow wp-block-column-is-layout-flow\">\n<figure class=\"wp-block-image size-thumbnail is-resized\"><img loading=\"lazy\" decoding=\"async\" width=\"150\" height=\"150\" src=\"https:\/\/dupont.tmp26.iutn.o2switch.site\/module_2_wordpress\/wordpress_02\/wp-content\/uploads\/2026\/01\/youtube-removebg-preview-1-150x150.png\" alt=\"\" class=\"wp-image-545\" style=\"width:69px;height:auto\" srcset=\"https:\/\/dupont.tmp26.iutn.o2switch.site\/module_2_wordpress\/wordpress_02\/wp-content\/uploads\/2026\/01\/youtube-removebg-preview-1-150x150.png 150w, https:\/\/dupont.tmp26.iutn.o2switch.site\/module_2_wordpress\/wordpress_02\/wp-content\/uploads\/2026\/01\/youtube-removebg-preview-1-300x300.png 300w, https:\/\/dupont.tmp26.iutn.o2switch.site\/module_2_wordpress\/wordpress_02\/wp-content\/uploads\/2026\/01\/youtube-removebg-preview-1.png 499w\" sizes=\"auto, (max-width: 150px) 100vw, 150px\" \/><\/figure>\n<\/div>\n<\/div>\n\n\n\n<div style=\"height:66px\" aria-hidden=\"true\" class=\"wp-block-spacer\"><\/div>\n\n\n\n<div class=\"wp-block-group alignfull is-content-justification-space-between is-layout-flex wp-container-core-group-is-layout-0904c582 wp-block-group-is-layout-flex\" style=\"margin-top:0;margin-bottom:0;padding-top:var(--wp--preset--spacing--50);padding-right:var(--wp--preset--spacing--30);padding-bottom:var(--wp--preset--spacing--50);padding-left:var(--wp--preset--spacing--30)\">\n<div class=\"wp-block-group wp-container-content-9cfa9a5a is-vertical is-layout-flex wp-container-core-group-is-layout-b7faace9 wp-block-group-is-layout-flex\"><h1 class=\"wp-block-site-title has-medium-font-size\"><a href=\"https:\/\/dupont.tmp26.iutn.o2switch.site\/module_2_wordpress\/wordpress_02\" target=\"_self\" rel=\"home\">SkillFor Campus<\/a><\/h1>\n\n\n<p class=\"has-text-align-left\">Rue Aubin Edmond,&nbsp;<br>Shoelcher, 97233<br>Martinique<\/p>\n\n\n\n<p class=\"has-text-align-left has-small-font-size\">Proudly powered by <a rel=\"nofollow\" href=\"https:\/\/wordpress.org\">WordPress<\/a> <\/p>\n\n\n\n<div style=\"height:0px\" aria-hidden=\"true\" class=\"wp-block-spacer wp-container-content-541a6b20\"><\/div>\n<\/div>\n\n\n\n<div class=\"wp-block-group is-content-justification-right is-layout-flex wp-container-core-group-is-layout-58daa69f wp-block-group-is-layout-flex\">\n<div class=\"wp-block-group is-vertical is-layout-flex wp-container-core-group-is-layout-8cf370e7 wp-block-group-is-layout-flex\">\n<p class=\"has-text-align-left\">Pages<\/p>\n\n\n<nav class=\"has-small-font-size items-justified-left is-vertical no-wrap wp-block-navigation is-content-justification-left is-nowrap is-layout-flex wp-container-core-navigation-is-layout-13b8677b wp-block-navigation-is-layout-flex\"><ul class=\"wp-block-navigation__container has-small-font-size items-justified-left is-vertical no-wrap wp-block-navigation has-small-font-size\"><li class=\"has-small-font-size wp-block-navigation-item wp-block-navigation-link\"><a class=\"wp-block-navigation-item__content\"  href=\"https:\/\/dupont.tmp26.iutn.o2switch.site\/module_2_wordpress\/wordpress_02\/accueil\/\"><span class=\"wp-block-navigation-item__label\">Accueil<\/span><\/a><\/li><li class=\"has-small-font-size wp-block-navigation-item wp-block-navigation-link\"><a class=\"wp-block-navigation-item__content\"  href=\"https:\/\/dupont.tmp26.iutn.o2switch.site\/module_2_wordpress\/wordpress_02\/lp-e-commerce\/\"><span class=\"wp-block-navigation-item__label\">LP E-Commerce<\/span><\/a><\/li><li data-wp-context=\"{ &quot;submenuOpenedBy&quot;: { &quot;click&quot;: false, &quot;hover&quot;: false, &quot;focus&quot;: false }, &quot;type&quot;: &quot;submenu&quot;, &quot;modal&quot;: null, &quot;previousFocus&quot;: null }\" data-wp-interactive=\"core\/navigation\" data-wp-on--focusout=\"actions.handleMenuFocusout\" data-wp-on--keydown=\"actions.handleMenuKeydown\" data-wp-on--mouseenter=\"actions.openMenuOnHover\" data-wp-on--mouseleave=\"actions.closeMenuOnHover\" data-wp-watch=\"callbacks.initMenu\" tabindex=\"-1\" class=\"wp-block-navigation-item has-small-font-size has-child open-on-hover-click wp-block-navigation-submenu\"><a class=\"wp-block-navigation-item__content\" href=\"https:\/\/dupont.tmp26.iutn.o2switch.site\/module_2_wordpress\/wordpress_02\/cfa\/\"><span class=\"wp-block-navigation-item__label\">CFA<\/span><\/a><button data-wp-bind--aria-expanded=\"state.isMenuOpen\" data-wp-on--click=\"actions.toggleMenuOnClick\" aria-label=\"Sous-menu CFA\" class=\"wp-block-navigation__submenu-icon wp-block-navigation-submenu__toggle\" ><svg xmlns=\"http:\/\/www.w3.org\/2000\/svg\" width=\"12\" height=\"12\" viewBox=\"0 0 12 12\" fill=\"none\" aria-hidden=\"true\" focusable=\"false\"><path d=\"M1.50002 4L6.00002 8L10.5 4\" stroke-width=\"1.5\"><\/path><\/svg><\/button><ul data-wp-on--focus=\"actions.openMenuOnFocus\" class=\"wp-block-navigation__submenu-container wp-block-navigation-submenu\"><li class=\"has-small-font-size wp-block-navigation-item wp-block-navigation-link\"><a class=\"wp-block-navigation-item__content\"  href=\"https:\/\/dupont.tmp26.iutn.o2switch.site\/module_2_wordpress\/wordpress_02\/cfa\/cfa-1\/\"><span class=\"wp-block-navigation-item__label\">CFA 1<\/span><\/a><\/li><li class=\"has-small-font-size wp-block-navigation-item wp-block-navigation-link\"><a class=\"wp-block-navigation-item__content\"  href=\"https:\/\/dupont.tmp26.iutn.o2switch.site\/module_2_wordpress\/wordpress_02\/cfa\/cfa-2\/\"><span class=\"wp-block-navigation-item__label\">CFA 2<\/span><\/a><\/li><\/ul><\/li><li class=\"has-small-font-size wp-block-navigation-item wp-block-navigation-link\"><a class=\"wp-block-navigation-item__content\"  href=\"https:\/\/dupont.tmp26.iutn.o2switch.site\/module_2_wordpress\/wordpress_02\/formation-conitnue\/\"><span class=\"wp-block-navigation-item__label\">Formation Conitnue<\/span><\/a><\/li><\/ul><\/nav>\n\n\n<div style=\"height:0px\" aria-hidden=\"true\" class=\"wp-block-spacer wp-container-content-541a6b20\"><\/div>\n<\/div>\n\n\n\n<div class=\"wp-block-group is-vertical is-layout-flex wp-container-core-group-is-layout-8cf370e7 wp-block-group-is-layout-flex\">\n<p class=\"has-text-align-left\">Social<\/p>\n\n\n\n<div class=\"wp-block-group is-vertical is-content-justification-left is-layout-flex wp-container-core-group-is-layout-d2172249 wp-block-group-is-layout-flex\">\n<p><a href=\"https:\/\/www.facebook.com\/SkillforCampus\/?locale=fr_FR\">Facebook<\/a><\/p>\n\n\n\n<p><a href=\"https:\/\/www.instagram.com\/skillforcampus\">Instagram<\/a><\/p>\n\n\n\n<p><a href=\"https:\/\/www.linkedin.com\/company\/skillfor-campus972\/\">LinkedIn<\/a><\/p>\n<\/div>\n\n\n\n<div style=\"height:0px\" aria-hidden=\"true\" class=\"wp-block-spacer wp-container-content-541a6b20\"><\/div>\n<\/div>\n<\/div>\n<\/div>\n","protected":false},"excerpt":{"rendered":"<p>Nous retrouver Rue Edmond Aubin \u2013 Quartier Case navire97233 SchoelcherService : CCIM-FORMATION T\u00e9l\u00e9phone 05 96 42 78 78 E-mail hvermes@kpmg.fr Vous \u00eates : Un particulier Un professionnel Rue Aubin Edmond,&nbsp;Shoelcher, 97233Martinique Proudly powered by WordPress Pages Social Facebook Instagram LinkedIn<\/p>\n","protected":false},"author":18,"featured_media":0,"parent":18,"menu_order":0,"comment_status":"open","ping_status":"closed","template":"","meta":{"footnotes":""},"class_list":["post-44","page","type-page","status-publish","hentry"],"_links":{"self":[{"href":"https:\/\/dupont.tmp26.iutn.o2switch.site\/module_2_wordpress\/wordpress_02\/wp-json\/wp\/v2\/pages\/44","targetHints":{"allow":["GET"]}}],"collection":[{"href":"https:\/\/dupont.tmp26.iutn.o2switch.site\/module_2_wordpress\/wordpress_02\/wp-json\/wp\/v2\/pages"}],"about":[{"href":"https:\/\/dupont.tmp26.iutn.o2switch.site\/module_2_wordpress\/wordpress_02\/wp-json\/wp\/v2\/types\/page"}],"author":[{"embeddable":true,"href":"https:\/\/dupont.tmp26.iutn.o2switch.site\/module_2_wordpress\/wordpress_02\/wp-json\/wp\/v2\/users\/18"}],"replies":[{"embeddable":true,"href":"https:\/\/dupont.tmp26.iutn.o2switch.site\/module_2_wordpress\/wordpress_02\/wp-json\/wp\/v2\/comments?post=44"}],"version-history":[{"count":60,"href":"https:\/\/dupont.tmp26.iutn.o2switch.site\/module_2_wordpress\/wordpress_02\/wp-json\/wp\/v2\/pages\/44\/revisions"}],"predecessor-version":[{"id":713,"href":"https:\/\/dupont.tmp26.iutn.o2switch.site\/module_2_wordpress\/wordpress_02\/wp-json\/wp\/v2\/pages\/44\/revisions\/713"}],"up":[{"embeddable":true,"href":"https:\/\/dupont.tmp26.iutn.o2switch.site\/module_2_wordpress\/wordpress_02\/wp-json\/wp\/v2\/pages\/18"}],"wp:attachment":[{"href":"https:\/\/dupont.tmp26.iutn.o2switch.site\/module_2_wordpress\/wordpress_02\/wp-json\/wp\/v2\/media?parent=44"}],"curies":[{"name":"wp","href":"https:\/\/api.w.org\/{rel}","templated":true}]}}