{"id":40,"date":"2026-01-19T21:51:24","date_gmt":"2026-01-19T20:51:24","guid":{"rendered":"https:\/\/dupont.tmp26.iutn.o2switch.site\/module_2_wordpress\/wordpress_02\/?page_id=40"},"modified":"2026-01-20T21:55:08","modified_gmt":"2026-01-20T20:55:08","slug":"lessentiel-a-savoir","status":"publish","type":"page","link":"https:\/\/dupont.tmp26.iutn.o2switch.site\/module_2_wordpress\/wordpress_02\/lp-e-commerce\/lessentiel-a-savoir\/","title":{"rendered":"L&rsquo;essentiel \u00e0 savoir"},"content":{"rendered":"<div class=\"wp-block-image is-style-default\">\n<figure class=\"aligncenter size-large\"><img loading=\"lazy\" decoding=\"async\" width=\"1024\" height=\"327\" src=\"https:\/\/dupont.tmp26.iutn.o2switch.site\/module_2_wordpress\/wordpress_02\/wp-content\/uploads\/2026\/01\/Capture-decran-2026-01-19-a-14.45.13-1-1024x327.png\" alt=\"\" class=\"wp-image-207\" srcset=\"https:\/\/dupont.tmp26.iutn.o2switch.site\/module_2_wordpress\/wordpress_02\/wp-content\/uploads\/2026\/01\/Capture-decran-2026-01-19-a-14.45.13-1-1024x327.png 1024w, https:\/\/dupont.tmp26.iutn.o2switch.site\/module_2_wordpress\/wordpress_02\/wp-content\/uploads\/2026\/01\/Capture-decran-2026-01-19-a-14.45.13-1-300x96.png 300w, https:\/\/dupont.tmp26.iutn.o2switch.site\/module_2_wordpress\/wordpress_02\/wp-content\/uploads\/2026\/01\/Capture-decran-2026-01-19-a-14.45.13-1-768x245.png 768w, https:\/\/dupont.tmp26.iutn.o2switch.site\/module_2_wordpress\/wordpress_02\/wp-content\/uploads\/2026\/01\/Capture-decran-2026-01-19-a-14.45.13-1-1536x491.png 1536w, https:\/\/dupont.tmp26.iutn.o2switch.site\/module_2_wordpress\/wordpress_02\/wp-content\/uploads\/2026\/01\/Capture-decran-2026-01-19-a-14.45.13-1-2048x654.png 2048w\" sizes=\"auto, (max-width: 1024px) 100vw, 1024px\" \/><\/figure>\n<\/div>\n\n\n<div style=\"height:50px\" aria-hidden=\"true\" class=\"wp-block-spacer\"><\/div>\n\n\n\n<h3 class=\"wp-block-heading has-text-align-center\"><strong>Public cible &amp; pr\u00e9requis<\/strong><\/h3>\n\n\n\n<div class=\"wp-block-columns is-layout-flex wp-container-core-columns-is-layout-9d6595d7 wp-block-columns-is-layout-flex\">\n<div class=\"wp-block-column has-white-color has-text-color has-background has-link-color wp-elements-ce449ac9527e7fe6ba7ee239156b03d3 is-layout-flow wp-block-column-is-layout-flow\" style=\"background-color:#0f547c\">\n<div style=\"height:53px\" aria-hidden=\"true\" class=\"wp-block-spacer\"><\/div>\n\n\n\n<h4 class=\"wp-block-heading has-text-align-center\">Profil des candidats<\/h4>\n\n\n\n<p class=\"has-text-align-center\">Cette licence s\u2019adresse \u00e0 des \u00e9tudiants motiv\u00e9s souhaitant se sp\u00e9cialiser dans le digital et int\u00e9grer rapidement le march\u00e9 du travail gr\u00e2ce \u00e0 une formation professionnalisante en alternance.<\/p>\n\n\n\n<ul class=\"wp-block-list\">\n<li>\u00c9tudiants titulaires d\u2019un&nbsp;<strong>Bac +2<\/strong>&nbsp;(BTS MCO ; COM ; NDRC&#8230;, DUT, titre \u00e9quivalent \u2013 120 ECTS)<\/li>\n\n\n\n<li>Avoir entre <strong>16 ans 29 ans<\/strong><\/li>\n\n\n\n<li>Int\u00e9r\u00eat marqu\u00e9 pour le&nbsp;<strong>web, le marketing et le e-commerce<\/strong><\/li>\n\n\n\n<li>Go\u00fbt pour la communication digitale et les outils num\u00e9riques<\/li>\n\n\n\n<li>Envie de travailler sur des projets concrets en entreprise<\/li>\n<\/ul>\n\n\n\n<div style=\"height:53px\" aria-hidden=\"true\" class=\"wp-block-spacer\"><\/div>\n<\/div>\n\n\n\n<div class=\"wp-block-column has-white-color has-text-color has-background has-link-color wp-elements-2b10f5610cacab3a599c7c02706976f0 is-layout-flow wp-block-column-is-layout-flow\" style=\"background-color:#0f547c\">\n<div style=\"height:53px\" aria-hidden=\"true\" class=\"wp-block-spacer\"><\/div>\n\n\n\n<h4 class=\"wp-block-heading has-text-align-center\">Qualit\u00e9s attendue<\/h4>\n\n\n\n<p class=\"has-text-align-center\">Au-del\u00e0 des dipl\u00f4mes, la r\u00e9ussite dans cette formation repose sur des qualit\u00e9s humaines et professionnelles essentielles.<\/p>\n\n\n\n<ul class=\"wp-block-list\">\n<li>Autonomie et sens des responsabilit\u00e9s<\/li>\n\n\n\n<li>Cr\u00e9ativit\u00e9 et esprit d\u2019initiative<\/li>\n\n\n\n<li>Capacit\u00e9 d\u2019analyse et rigueur<\/li>\n\n\n\n<li>Aisance relationnelle et esprit d\u2019\u00e9quipe<\/li>\n<\/ul>\n\n\n\n<div style=\"height:100px\" aria-hidden=\"true\" class=\"wp-block-spacer\"><\/div>\n<\/div>\n<\/div>\n\n\n\n<div style=\"height:15px\" aria-hidden=\"true\" class=\"wp-block-spacer\"><\/div>\n\n\n\n<hr class=\"wp-block-separator has-text-color has-cyan-bluish-gray-color has-alpha-channel-opacity has-cyan-bluish-gray-background-color has-background\"\/>\n\n\n\n<div style=\"height:15px\" aria-hidden=\"true\" class=\"wp-block-spacer\"><\/div>\n\n\n\n<h3 class=\"wp-block-heading has-text-align-center\"><strong>Quels m\u00e9tiers apr\u00e8s la Licence E-commerce &amp; Marketing Digital ?<\/strong><\/h3>\n\n\n\n<p>Gr\u00e2ce \u00e0 une forte dimension op\u00e9rationnelle et \u00e0 l\u2019alternance, cette licence permet une&nbsp;<strong>insertion professionnelle rapide<\/strong> dans des m\u00e9tiers en forte demande, aussi bien en Martinique qu\u2019\u00e0 l\u2019international.<\/p>\n\n\n\n<div style=\"height:15px\" aria-hidden=\"true\" class=\"wp-block-spacer\"><\/div>\n\n\n\n<div class=\"wp-block-columns is-layout-flex wp-container-core-columns-is-layout-9d6595d7 wp-block-columns-is-layout-flex\">\n<div class=\"wp-block-column has-white-color has-text-color has-background has-link-color wp-elements-f919a538e883df8bcfd129357a657439 is-layout-flow wp-block-column-is-layout-flow\" style=\"background:linear-gradient(98deg,rgb(238,175,0) 0%,rgb(236,98,0) 100%)\">\n<div style=\"height:29px\" aria-hidden=\"true\" class=\"wp-block-spacer\"><\/div>\n\n\n\n<h5 class=\"wp-block-heading has-text-align-center\">Responsable e-commerce \/ Assistant e-commerce<\/h5>\n\n\n\n<p class=\"has-text-align-center\">Gestion de boutiques en ligne, suivi des ventes, optimisation de l\u2019exp\u00e9rience client.<\/p>\n<\/div>\n\n\n\n<div class=\"wp-block-column has-white-color has-text-color has-background has-link-color wp-elements-3608ef042d780bbe3e373f1df33bedf0 is-layout-flow wp-block-column-is-layout-flow\" style=\"background-color:#ec6200\">\n<div style=\"height:29px\" aria-hidden=\"true\" class=\"wp-block-spacer\"><\/div>\n\n\n\n<h5 class=\"wp-block-heading has-text-align-center\">Community Manager<\/h5>\n\n\n\n<p class=\"has-text-align-center\">Animation des r\u00e9seaux sociaux, cr\u00e9ation de contenus et de gestion de la e-r\u00e9putation.<\/p>\n<\/div>\n\n\n\n<div class=\"wp-block-column has-background is-layout-flow wp-block-column-is-layout-flow\" style=\"background:linear-gradient(268deg,rgb(238,175,0) 0%,rgb(236,98,0) 100%)\">\n<div style=\"height:29px\" aria-hidden=\"true\" class=\"wp-block-spacer\"><\/div>\n\n\n\n<h5 class=\"wp-block-heading has-text-align-center has-white-color has-text-color has-link-color wp-elements-dffd9d8f5b1d3d425bdd346071477340\">Traffic Manager \/ Charg\u00e9 de r\u00e9f\u00e9rencement (SEO\/SEA)<\/h5>\n\n\n\n<p class=\"has-text-align-center has-white-color has-text-color has-link-color wp-elements-6c8487b5d923657270f9ba81c2233f8d\">D\u00e9veloppement de la visibilit\u00e9 en ligne et acquisition de trafic qualifi\u00e9.<\/p>\n<\/div>\n<\/div>\n\n\n\n<h4 class=\"wp-block-heading has-text-align-center\">Autres d\u00e9bouch\u00e9s possibles<\/h4>\n\n\n\n<ul class=\"wp-block-list\">\n<li>Chef de projet digital<\/li>\n\n\n\n<li>Charg\u00e9 de marketing digital<\/li>\n\n\n\n<li>Assistant e-communication<\/li>\n<\/ul>\n\n\n\n<div style=\"height:15px\" aria-hidden=\"true\" class=\"wp-block-spacer\"><\/div>\n\n\n\n<hr class=\"wp-block-separator has-text-color has-cyan-bluish-gray-color has-alpha-channel-opacity has-cyan-bluish-gray-background-color has-background is-style-default\"\/>\n\n\n\n<div style=\"height:15px\" aria-hidden=\"true\" class=\"wp-block-spacer\"><\/div>\n\n\n\n<h3 class=\"wp-block-heading has-text-align-center\">Pr\u00eat \u00e0 rejoindre la Licence E-commerce &amp; Marketing Digital ?<\/h3>\n\n\n\n<p class=\"has-text-align-center\">Fais le choix d\u2019une formation tourn\u00e9e vers l\u2019avenir, ancr\u00e9e dans le monde professionnel et adapt\u00e9e aux enjeux du num\u00e9rique en Martinique.<\/p>\n\n\n\n<div style=\"height:30px\" aria-hidden=\"true\" class=\"wp-block-spacer\"><\/div>\n\n\n\n<div class=\"wp-block-buttons has-white-background-color has-background is-horizontal is-content-justification-center is-layout-flex wp-container-core-buttons-is-layout-499968f5 wp-block-buttons-is-layout-flex\">\n<div class=\"wp-block-button has-custom-width wp-block-button__width-50\"><a class=\"wp-block-button__link has-vivid-red-background-color has-background wp-element-button\" href=\"https:\/\/dupont.tmp26.iutn.o2switch.site\/module_2_wordpress\/wordpress_02\/lp-e-commerce\/candidater\/\" style=\"text-decoration:underline\"><strong>Candidater<\/strong><\/a><\/div>\n\n\n\n<div class=\"wp-block-button has-custom-width wp-block-button__width-50\"><a class=\"wp-block-button__link has-vivid-red-background-color has-background has-text-align-center wp-element-button\" href=\"https:\/\/www.martinique.cci.fr\/iso_upload\/1_Licence%20Pro%20E-commerce%20et%20marketing%20numerique_FFOR-v_0.pdf\" style=\"text-decoration:underline\"><strong>T\u00e9l\u00e9charger le programme<\/strong><\/a><\/div>\n<\/div>\n\n\n\n<p><\/p>\n","protected":false},"excerpt":{"rendered":"<p>Public cible &amp; pr\u00e9requis Profil des candidats Cette licence s\u2019adresse \u00e0 des \u00e9tudiants motiv\u00e9s souhaitant se sp\u00e9cialiser dans le digital et int\u00e9grer rapidement le march\u00e9 du travail gr\u00e2ce \u00e0 une formation professionnalisante en alternance. Qualit\u00e9s attendue Au-del\u00e0 des dipl\u00f4mes, la r\u00e9ussite dans cette formation repose sur des qualit\u00e9s humaines et professionnelles essentielles. Quels m\u00e9tiers apr\u00e8s [&hellip;]<\/p>\n","protected":false},"author":7,"featured_media":0,"parent":20,"menu_order":0,"comment_status":"closed","ping_status":"closed","template":"","meta":{"footnotes":""},"class_list":["post-40","page","type-page","status-publish","hentry"],"_links":{"self":[{"href":"https:\/\/dupont.tmp26.iutn.o2switch.site\/module_2_wordpress\/wordpress_02\/wp-json\/wp\/v2\/pages\/40","targetHints":{"allow":["GET"]}}],"collection":[{"href":"https:\/\/dupont.tmp26.iutn.o2switch.site\/module_2_wordpress\/wordpress_02\/wp-json\/wp\/v2\/pages"}],"about":[{"href":"https:\/\/dupont.tmp26.iutn.o2switch.site\/module_2_wordpress\/wordpress_02\/wp-json\/wp\/v2\/types\/page"}],"author":[{"embeddable":true,"href":"https:\/\/dupont.tmp26.iutn.o2switch.site\/module_2_wordpress\/wordpress_02\/wp-json\/wp\/v2\/users\/7"}],"replies":[{"embeddable":true,"href":"https:\/\/dupont.tmp26.iutn.o2switch.site\/module_2_wordpress\/wordpress_02\/wp-json\/wp\/v2\/comments?post=40"}],"version-history":[{"count":36,"href":"https:\/\/dupont.tmp26.iutn.o2switch.site\/module_2_wordpress\/wordpress_02\/wp-json\/wp\/v2\/pages\/40\/revisions"}],"predecessor-version":[{"id":630,"href":"https:\/\/dupont.tmp26.iutn.o2switch.site\/module_2_wordpress\/wordpress_02\/wp-json\/wp\/v2\/pages\/40\/revisions\/630"}],"up":[{"embeddable":true,"href":"https:\/\/dupont.tmp26.iutn.o2switch.site\/module_2_wordpress\/wordpress_02\/wp-json\/wp\/v2\/pages\/20"}],"wp:attachment":[{"href":"https:\/\/dupont.tmp26.iutn.o2switch.site\/module_2_wordpress\/wordpress_02\/wp-json\/wp\/v2\/media?parent=40"}],"curies":[{"name":"wp","href":"https:\/\/api.w.org\/{rel}","templated":true}]}}