{"id":298,"date":"2026-01-20T19:21:48","date_gmt":"2026-01-20T18:21:48","guid":{"rendered":"https:\/\/dupont.tmp26.iutn.o2switch.site\/module_2_wordpress\/wordpress_02\/?page_id=298"},"modified":"2026-01-25T21:59:31","modified_gmt":"2026-01-25T20:59:31","slug":"handicap","status":"publish","type":"page","link":"https:\/\/dupont.tmp26.iutn.o2switch.site\/module_2_wordpress\/wordpress_02\/handicap\/","title":{"rendered":"Handicap"},"content":{"rendered":"\n<div class=\"wp-block-cover\"><img loading=\"lazy\" decoding=\"async\" width=\"1600\" height=\"900\" class=\"wp-block-cover__image-background wp-image-426\" alt=\"\" src=\"https:\/\/dupont.tmp26.iutn.o2switch.site\/module_2_wordpress\/wordpress_02\/wp-content\/uploads\/2026\/01\/2023-003-fh-handicap-et-culture-1024x577-1.jpg\" data-object-fit=\"cover\" srcset=\"https:\/\/dupont.tmp26.iutn.o2switch.site\/module_2_wordpress\/wordpress_02\/wp-content\/uploads\/2026\/01\/2023-003-fh-handicap-et-culture-1024x577-1.jpg 1600w, https:\/\/dupont.tmp26.iutn.o2switch.site\/module_2_wordpress\/wordpress_02\/wp-content\/uploads\/2026\/01\/2023-003-fh-handicap-et-culture-1024x577-1-300x169.jpg 300w, https:\/\/dupont.tmp26.iutn.o2switch.site\/module_2_wordpress\/wordpress_02\/wp-content\/uploads\/2026\/01\/2023-003-fh-handicap-et-culture-1024x577-1-1024x576.jpg 1024w, https:\/\/dupont.tmp26.iutn.o2switch.site\/module_2_wordpress\/wordpress_02\/wp-content\/uploads\/2026\/01\/2023-003-fh-handicap-et-culture-1024x577-1-768x432.jpg 768w, https:\/\/dupont.tmp26.iutn.o2switch.site\/module_2_wordpress\/wordpress_02\/wp-content\/uploads\/2026\/01\/2023-003-fh-handicap-et-culture-1024x577-1-1536x864.jpg 1536w\" sizes=\"auto, (max-width: 1600px) 100vw, 1600px\" \/><span aria-hidden=\"true\" class=\"wp-block-cover__background has-background-dim\"><\/span><div class=\"wp-block-cover__inner-container is-layout-flow wp-block-cover-is-layout-flow\">\n<p class=\"has-text-align-center has-large-font-size\">Un lieu de vie pour cultiver votre diff\u00e9rence <\/p>\n<\/div><\/div>\n\n\n\n<div style=\"height:25px\" aria-hidden=\"true\" class=\"wp-block-spacer\"><\/div>\n\n\n\n<div class=\"wp-block-columns is-layout-flex wp-container-core-columns-is-layout-9d6595d7 wp-block-columns-is-layout-flex\">\n<div class=\"wp-block-column is-layout-flow wp-block-column-is-layout-flow\">\n<figure class=\"wp-block-image size-medium is-resized\"><img loading=\"lazy\" decoding=\"async\" width=\"283\" height=\"300\" src=\"https:\/\/dupont.tmp26.iutn.o2switch.site\/module_2_wordpress\/wordpress_02\/wp-content\/uploads\/2026\/01\/Capture-decran-2026-01-20-a-14.11.50-2-283x300.png\" alt=\"\" class=\"wp-image-472\" style=\"aspect-ratio:0.943356496104443;width:382px;height:auto\" srcset=\"https:\/\/dupont.tmp26.iutn.o2switch.site\/module_2_wordpress\/wordpress_02\/wp-content\/uploads\/2026\/01\/Capture-decran-2026-01-20-a-14.11.50-2-283x300.png 283w, https:\/\/dupont.tmp26.iutn.o2switch.site\/module_2_wordpress\/wordpress_02\/wp-content\/uploads\/2026\/01\/Capture-decran-2026-01-20-a-14.11.50-2-967x1024.png 967w, https:\/\/dupont.tmp26.iutn.o2switch.site\/module_2_wordpress\/wordpress_02\/wp-content\/uploads\/2026\/01\/Capture-decran-2026-01-20-a-14.11.50-2-768x813.png 768w, https:\/\/dupont.tmp26.iutn.o2switch.site\/module_2_wordpress\/wordpress_02\/wp-content\/uploads\/2026\/01\/Capture-decran-2026-01-20-a-14.11.50-2.png 1190w\" sizes=\"auto, (max-width: 283px) 100vw, 283px\" \/><\/figure>\n<\/div>\n\n\n\n<div class=\"wp-block-column is-vertically-aligned-center is-layout-flow wp-block-column-is-layout-flow\">\n<h2 class=\"wp-block-heading has-text-align-center\">Trouver un partenaire handicap <\/h2>\n\n\n\n<figure class=\"wp-block-gallery has-nested-images columns-default is-cropped wp-block-gallery-1 is-layout-flex wp-block-gallery-is-layout-flex\">\n<figure class=\"wp-block-image size-large\"><img loading=\"lazy\" decoding=\"async\" width=\"352\" height=\"190\" data-id=\"491\" src=\"https:\/\/dupont.tmp26.iutn.o2switch.site\/module_2_wordpress\/wordpress_02\/wp-content\/uploads\/2026\/01\/Capture-decran-2026-01-20-a-15.51.02.png\" alt=\"\" class=\"wp-image-491\" srcset=\"https:\/\/dupont.tmp26.iutn.o2switch.site\/module_2_wordpress\/wordpress_02\/wp-content\/uploads\/2026\/01\/Capture-decran-2026-01-20-a-15.51.02.png 352w, https:\/\/dupont.tmp26.iutn.o2switch.site\/module_2_wordpress\/wordpress_02\/wp-content\/uploads\/2026\/01\/Capture-decran-2026-01-20-a-15.51.02-300x162.png 300w\" sizes=\"auto, (max-width: 352px) 100vw, 352px\" \/><\/figure>\n\n\n\n<figure class=\"wp-block-image size-large\"><img loading=\"lazy\" decoding=\"async\" width=\"352\" height=\"190\" data-id=\"488\" src=\"https:\/\/dupont.tmp26.iutn.o2switch.site\/module_2_wordpress\/wordpress_02\/wp-content\/uploads\/2026\/01\/Capture-decran-2026-01-20-a-15.51.42.png\" alt=\"\" class=\"wp-image-488\" srcset=\"https:\/\/dupont.tmp26.iutn.o2switch.site\/module_2_wordpress\/wordpress_02\/wp-content\/uploads\/2026\/01\/Capture-decran-2026-01-20-a-15.51.42.png 352w, https:\/\/dupont.tmp26.iutn.o2switch.site\/module_2_wordpress\/wordpress_02\/wp-content\/uploads\/2026\/01\/Capture-decran-2026-01-20-a-15.51.42-300x162.png 300w\" sizes=\"auto, (max-width: 352px) 100vw, 352px\" \/><\/figure>\n\n\n\n<figure class=\"wp-block-image size-large\"><img loading=\"lazy\" decoding=\"async\" width=\"352\" height=\"190\" data-id=\"490\" src=\"https:\/\/dupont.tmp26.iutn.o2switch.site\/module_2_wordpress\/wordpress_02\/wp-content\/uploads\/2026\/01\/Capture-decran-2026-01-20-a-15.52.02.png\" alt=\"\" class=\"wp-image-490\" srcset=\"https:\/\/dupont.tmp26.iutn.o2switch.site\/module_2_wordpress\/wordpress_02\/wp-content\/uploads\/2026\/01\/Capture-decran-2026-01-20-a-15.52.02.png 352w, https:\/\/dupont.tmp26.iutn.o2switch.site\/module_2_wordpress\/wordpress_02\/wp-content\/uploads\/2026\/01\/Capture-decran-2026-01-20-a-15.52.02-300x162.png 300w\" sizes=\"auto, (max-width: 352px) 100vw, 352px\" \/><\/figure>\n\n\n\n<figure class=\"wp-block-image size-large\"><img loading=\"lazy\" decoding=\"async\" width=\"352\" height=\"190\" data-id=\"489\" src=\"https:\/\/dupont.tmp26.iutn.o2switch.site\/module_2_wordpress\/wordpress_02\/wp-content\/uploads\/2026\/01\/Capture-decran-2026-01-20-a-15.52.37.png\" alt=\"\" class=\"wp-image-489\" srcset=\"https:\/\/dupont.tmp26.iutn.o2switch.site\/module_2_wordpress\/wordpress_02\/wp-content\/uploads\/2026\/01\/Capture-decran-2026-01-20-a-15.52.37.png 352w, https:\/\/dupont.tmp26.iutn.o2switch.site\/module_2_wordpress\/wordpress_02\/wp-content\/uploads\/2026\/01\/Capture-decran-2026-01-20-a-15.52.37-300x162.png 300w\" sizes=\"auto, (max-width: 352px) 100vw, 352px\" \/><\/figure>\n<\/figure>\n<\/div>\n<\/div>\n\n\n\n<div class=\"wp-block-columns are-vertically-aligned-center is-layout-flex wp-container-core-columns-is-layout-9d6595d7 wp-block-columns-is-layout-flex\">\n<div class=\"wp-block-column is-vertically-aligned-center is-layout-flow wp-block-column-is-layout-flow\">\n<figure class=\"wp-block-image size-full\"><img loading=\"lazy\" decoding=\"async\" width=\"308\" height=\"314\" src=\"https:\/\/dupont.tmp26.iutn.o2switch.site\/module_2_wordpress\/wordpress_02\/wp-content\/uploads\/2026\/01\/Capture-decran-2026-01-20-a-15.56.00.png\" alt=\"\" class=\"wp-image-496\" style=\"aspect-ratio:1;object-fit:cover\" srcset=\"https:\/\/dupont.tmp26.iutn.o2switch.site\/module_2_wordpress\/wordpress_02\/wp-content\/uploads\/2026\/01\/Capture-decran-2026-01-20-a-15.56.00.png 308w, https:\/\/dupont.tmp26.iutn.o2switch.site\/module_2_wordpress\/wordpress_02\/wp-content\/uploads\/2026\/01\/Capture-decran-2026-01-20-a-15.56.00-294x300.png 294w\" sizes=\"auto, (max-width: 308px) 100vw, 308px\" \/><\/figure>\n<\/div>\n\n\n\n<div class=\"wp-block-column is-vertically-aligned-center is-layout-flow wp-block-column-is-layout-flow\">\n<p class=\"has-text-align-center has-medium-font-size\">Tout au long de votre vie votre situation change, vos ambitions \u00e9voluent&#8230;<\/p>\n\n\n\n<p class=\"has-text-align-center has-medium-font-size\">Donnez \u00e0 vos projets une chance de se r\u00e9aliser!<\/p>\n<\/div>\n\n\n\n<div class=\"wp-block-column is-vertically-aligned-center is-layout-flow wp-block-column-is-layout-flow\">\n<figure class=\"wp-block-image size-full\"><img loading=\"lazy\" decoding=\"async\" width=\"286\" height=\"314\" src=\"https:\/\/dupont.tmp26.iutn.o2switch.site\/module_2_wordpress\/wordpress_02\/wp-content\/uploads\/2026\/01\/Capture-decran-2026-01-20-a-15.56.17.png\" alt=\"\" class=\"wp-image-498\" style=\"aspect-ratio:1;object-fit:cover\" srcset=\"https:\/\/dupont.tmp26.iutn.o2switch.site\/module_2_wordpress\/wordpress_02\/wp-content\/uploads\/2026\/01\/Capture-decran-2026-01-20-a-15.56.17.png 286w, https:\/\/dupont.tmp26.iutn.o2switch.site\/module_2_wordpress\/wordpress_02\/wp-content\/uploads\/2026\/01\/Capture-decran-2026-01-20-a-15.56.17-273x300.png 273w\" sizes=\"auto, (max-width: 286px) 100vw, 286px\" \/><\/figure>\n<\/div>\n<\/div>\n\n\n\n<div class=\"wp-block-buttons is-content-justification-center is-layout-flex wp-container-core-buttons-is-layout-16018d1d wp-block-buttons-is-layout-flex\">\n<div class=\"wp-block-button\"><a class=\"wp-block-button__link has-luminous-vivid-amber-background-color has-background wp-element-button\" href=\"https:\/\/www.martinique.cci.fr\/iso_upload\/Partenaires%20handicap%20Aout%20_0.pdf\">En savoir plus<\/a><\/div>\n<\/div>\n\n\n\n<div style=\"height:100px\" aria-hidden=\"true\" class=\"wp-block-spacer\"><\/div>\n\n\n\n<div class=\"wp-block-group alignfull is-content-justification-space-between is-layout-flex wp-container-core-group-is-layout-0904c582 wp-block-group-is-layout-flex\" style=\"margin-top:0;margin-bottom:0;padding-top:var(--wp--preset--spacing--50);padding-right:var(--wp--preset--spacing--30);padding-bottom:var(--wp--preset--spacing--50);padding-left:var(--wp--preset--spacing--30)\">\n<div class=\"wp-block-group wp-container-content-9cfa9a5a is-vertical is-layout-flex wp-container-core-group-is-layout-b7faace9 wp-block-group-is-layout-flex\"><h1 class=\"wp-block-site-title has-medium-font-size\"><a href=\"https:\/\/dupont.tmp26.iutn.o2switch.site\/module_2_wordpress\/wordpress_02\" target=\"_self\" rel=\"home\">SkillFor Campus<\/a><\/h1>\n\n\n<p class=\"has-text-align-left\">Rue Aubin Edmond,&nbsp;<br>Shoelcher, 97233<br>Martinique<\/p>\n\n\n\n<p class=\"has-text-align-left has-small-font-size\">Proudly powered by <a rel=\"nofollow\" href=\"https:\/\/wordpress.org\">WordPress<\/a> <\/p>\n\n\n\n<div style=\"height:0px\" aria-hidden=\"true\" class=\"wp-block-spacer wp-container-content-541a6b20\"><\/div>\n<\/div>\n\n\n\n<div class=\"wp-block-group is-content-justification-right is-layout-flex wp-container-core-group-is-layout-58daa69f wp-block-group-is-layout-flex\">\n<div class=\"wp-block-group is-vertical is-layout-flex wp-container-core-group-is-layout-8cf370e7 wp-block-group-is-layout-flex\">\n<p class=\"has-text-align-left\">Pages<\/p>\n\n\n<nav class=\"has-small-font-size items-justified-left is-vertical no-wrap wp-block-navigation is-content-justification-left is-nowrap is-layout-flex wp-container-core-navigation-is-layout-13b8677b wp-block-navigation-is-layout-flex\"><ul class=\"wp-block-navigation__container has-small-font-size items-justified-left is-vertical no-wrap wp-block-navigation has-small-font-size\"><li class=\"has-small-font-size wp-block-navigation-item wp-block-navigation-link\"><a class=\"wp-block-navigation-item__content\"  href=\"https:\/\/dupont.tmp26.iutn.o2switch.site\/module_2_wordpress\/wordpress_02\/accueil\/\"><span class=\"wp-block-navigation-item__label\">Accueil<\/span><\/a><\/li><li class=\"has-small-font-size wp-block-navigation-item wp-block-navigation-link\"><a class=\"wp-block-navigation-item__content\"  href=\"https:\/\/dupont.tmp26.iutn.o2switch.site\/module_2_wordpress\/wordpress_02\/lp-e-commerce\/\"><span class=\"wp-block-navigation-item__label\">LP E-Commerce<\/span><\/a><\/li><li data-wp-context=\"{ &quot;submenuOpenedBy&quot;: { &quot;click&quot;: false, &quot;hover&quot;: false, &quot;focus&quot;: false }, &quot;type&quot;: &quot;submenu&quot;, &quot;modal&quot;: null, &quot;previousFocus&quot;: null }\" data-wp-interactive=\"core\/navigation\" data-wp-on--focusout=\"actions.handleMenuFocusout\" data-wp-on--keydown=\"actions.handleMenuKeydown\" data-wp-on--mouseenter=\"actions.openMenuOnHover\" data-wp-on--mouseleave=\"actions.closeMenuOnHover\" data-wp-watch=\"callbacks.initMenu\" tabindex=\"-1\" class=\"wp-block-navigation-item has-small-font-size has-child open-on-hover-click wp-block-navigation-submenu\"><a class=\"wp-block-navigation-item__content\" href=\"https:\/\/dupont.tmp26.iutn.o2switch.site\/module_2_wordpress\/wordpress_02\/cfa\/\"><span class=\"wp-block-navigation-item__label\">CFA<\/span><\/a><button data-wp-bind--aria-expanded=\"state.isMenuOpen\" data-wp-on--click=\"actions.toggleMenuOnClick\" aria-label=\"Sous-menu CFA\" class=\"wp-block-navigation__submenu-icon wp-block-navigation-submenu__toggle\" ><svg xmlns=\"http:\/\/www.w3.org\/2000\/svg\" width=\"12\" height=\"12\" viewBox=\"0 0 12 12\" fill=\"none\" aria-hidden=\"true\" focusable=\"false\"><path d=\"M1.50002 4L6.00002 8L10.5 4\" stroke-width=\"1.5\"><\/path><\/svg><\/button><ul data-wp-on--focus=\"actions.openMenuOnFocus\" class=\"wp-block-navigation__submenu-container wp-block-navigation-submenu\"><li class=\"has-small-font-size wp-block-navigation-item wp-block-navigation-link\"><a class=\"wp-block-navigation-item__content\"  href=\"https:\/\/dupont.tmp26.iutn.o2switch.site\/module_2_wordpress\/wordpress_02\/cfa\/cfa-1\/\"><span class=\"wp-block-navigation-item__label\">CFA 1<\/span><\/a><\/li><li class=\"has-small-font-size wp-block-navigation-item wp-block-navigation-link\"><a class=\"wp-block-navigation-item__content\"  href=\"https:\/\/dupont.tmp26.iutn.o2switch.site\/module_2_wordpress\/wordpress_02\/cfa\/cfa-2\/\"><span class=\"wp-block-navigation-item__label\">CFA 2<\/span><\/a><\/li><\/ul><\/li><li class=\"has-small-font-size wp-block-navigation-item wp-block-navigation-link\"><a class=\"wp-block-navigation-item__content\"  href=\"https:\/\/dupont.tmp26.iutn.o2switch.site\/module_2_wordpress\/wordpress_02\/formation-conitnue\/\"><span class=\"wp-block-navigation-item__label\">Formation Conitnue<\/span><\/a><\/li><\/ul><\/nav>\n\n\n<div style=\"height:0px\" aria-hidden=\"true\" class=\"wp-block-spacer wp-container-content-541a6b20\"><\/div>\n<\/div>\n\n\n\n<div class=\"wp-block-group is-vertical is-layout-flex wp-container-core-group-is-layout-8cf370e7 wp-block-group-is-layout-flex\">\n<p class=\"has-text-align-left\">Social<\/p>\n\n\n\n<div class=\"wp-block-group is-vertical is-content-justification-left is-layout-flex wp-container-core-group-is-layout-d2172249 wp-block-group-is-layout-flex\">\n<p><a href=\"https:\/\/www.facebook.com\/SkillforCampus\/?locale=fr_FR\">Facebook<\/a><\/p>\n\n\n\n<p><a href=\"https:\/\/www.instagram.com\/skillforcampus\">Instagram<\/a><\/p>\n\n\n\n<p><a href=\"https:\/\/www.linkedin.com\/company\/skillfor-campus972\/\">LinkedIn<\/a><\/p>\n<\/div>\n\n\n\n<div style=\"height:0px\" aria-hidden=\"true\" class=\"wp-block-spacer wp-container-content-541a6b20\"><\/div>\n<\/div>\n<\/div>\n<\/div>\n","protected":false},"excerpt":{"rendered":"<p>Trouver un partenaire handicap Tout au long de votre vie votre situation change, vos ambitions \u00e9voluent&#8230; Donnez \u00e0 vos projets une chance de se r\u00e9aliser! Rue Aubin Edmond,&nbsp;Shoelcher, 97233Martinique Proudly powered by WordPress Pages Social Facebook Instagram LinkedIn<\/p>\n","protected":false},"author":18,"featured_media":0,"parent":0,"menu_order":0,"comment_status":"closed","ping_status":"closed","template":"","meta":{"footnotes":""},"class_list":["post-298","page","type-page","status-publish","hentry"],"_links":{"self":[{"href":"https:\/\/dupont.tmp26.iutn.o2switch.site\/module_2_wordpress\/wordpress_02\/wp-json\/wp\/v2\/pages\/298","targetHints":{"allow":["GET"]}}],"collection":[{"href":"https:\/\/dupont.tmp26.iutn.o2switch.site\/module_2_wordpress\/wordpress_02\/wp-json\/wp\/v2\/pages"}],"about":[{"href":"https:\/\/dupont.tmp26.iutn.o2switch.site\/module_2_wordpress\/wordpress_02\/wp-json\/wp\/v2\/types\/page"}],"author":[{"embeddable":true,"href":"https:\/\/dupont.tmp26.iutn.o2switch.site\/module_2_wordpress\/wordpress_02\/wp-json\/wp\/v2\/users\/18"}],"replies":[{"embeddable":true,"href":"https:\/\/dupont.tmp26.iutn.o2switch.site\/module_2_wordpress\/wordpress_02\/wp-json\/wp\/v2\/comments?post=298"}],"version-history":[{"count":10,"href":"https:\/\/dupont.tmp26.iutn.o2switch.site\/module_2_wordpress\/wordpress_02\/wp-json\/wp\/v2\/pages\/298\/revisions"}],"predecessor-version":[{"id":731,"href":"https:\/\/dupont.tmp26.iutn.o2switch.site\/module_2_wordpress\/wordpress_02\/wp-json\/wp\/v2\/pages\/298\/revisions\/731"}],"wp:attachment":[{"href":"https:\/\/dupont.tmp26.iutn.o2switch.site\/module_2_wordpress\/wordpress_02\/wp-json\/wp\/v2\/media?parent=298"}],"curies":[{"name":"wp","href":"https:\/\/api.w.org\/{rel}","templated":true}]}}