{"id":172,"date":"2026-01-20T18:48:21","date_gmt":"2026-01-20T17:48:21","guid":{"rendered":"https:\/\/dupont.tmp26.iutn.o2switch.site\/module_2_wordpress\/wordpress_02\/?page_id=172"},"modified":"2026-01-25T21:56:11","modified_gmt":"2026-01-25T20:56:11","slug":"categories","status":"publish","type":"page","link":"https:\/\/dupont.tmp26.iutn.o2switch.site\/module_2_wordpress\/wordpress_02\/categories\/","title":{"rendered":"Formations"},"content":{"rendered":"\n<h1 class=\"wp-block-heading has-text-align-center\">Nos domaines d&rsquo;intervention<\/h1>\n\n\n\n<div class=\"wp-block-columns is-layout-flex wp-container-core-columns-is-layout-9d6595d7 wp-block-columns-is-layout-flex\">\n<div class=\"wp-block-column is-layout-flow wp-block-column-is-layout-flow\">\n<div class=\"wp-block-cover\" style=\"min-height:320px;aspect-ratio:unset;\"><img loading=\"lazy\" decoding=\"async\" width=\"225\" height=\"225\" class=\"wp-block-cover__image-background wp-image-330\" alt=\"\" src=\"https:\/\/dupont.tmp26.iutn.o2switch.site\/module_2_wordpress\/wordpress_02\/wp-content\/uploads\/2026\/01\/images-24-4.jpeg\" data-object-fit=\"cover\" srcset=\"https:\/\/dupont.tmp26.iutn.o2switch.site\/module_2_wordpress\/wordpress_02\/wp-content\/uploads\/2026\/01\/images-24-4.jpeg 225w, https:\/\/dupont.tmp26.iutn.o2switch.site\/module_2_wordpress\/wordpress_02\/wp-content\/uploads\/2026\/01\/images-24-4-150x150.jpeg 150w\" sizes=\"auto, (max-width: 225px) 100vw, 225px\" \/><span aria-hidden=\"true\" class=\"wp-block-cover__background has-background-dim\"><\/span><div class=\"wp-block-cover__inner-container is-layout-flow wp-block-cover-is-layout-flow\">\n<p class=\"has-text-align-center has-large-font-size\"><strong>MARKETING ET RELATION CLIENTS<\/strong><\/p>\n\n\n\n<p class=\"has-text-align-center\">Apprendre \u00e0 accueillir les clients avec le sourire et l&rsquo;\u00e9coute active, puis ma\u00eetriser l&rsquo;entretien de vente : d\u00e9couvrir leurs besoins, argumenter en b\u00e9n\u00e9fices, g\u00e9rer les objections et conclure efficacement une n\u00e9gociation gagnant-gagnant.<\/p>\n\n\n\n<div class=\"wp-block-buttons is-content-justification-center is-layout-flex wp-container-core-buttons-is-layout-16018d1d wp-block-buttons-is-layout-flex\">\n<div class=\"wp-block-button\"><a class=\"wp-block-button__link has-luminous-vivid-amber-background-color has-background wp-element-button\" href=\"https:\/\/dupont.tmp26.iutn.o2switch.site\/module_2_wordpress\/wordpress_02\/marketing-et-relations-clients\/\">D\u00e9couvrir<\/a><\/div>\n<\/div>\n<\/div><\/div>\n<\/div>\n\n\n\n<div class=\"wp-block-column is-layout-flow wp-block-column-is-layout-flow\">\n<div class=\"wp-block-cover\" style=\"min-height:320px;aspect-ratio:unset;\"><img loading=\"lazy\" decoding=\"async\" width=\"225\" height=\"225\" class=\"wp-block-cover__image-background wp-image-331\" alt=\"\" src=\"https:\/\/dupont.tmp26.iutn.o2switch.site\/module_2_wordpress\/wordpress_02\/wp-content\/uploads\/2026\/01\/images-24-5.jpeg\" data-object-fit=\"cover\" srcset=\"https:\/\/dupont.tmp26.iutn.o2switch.site\/module_2_wordpress\/wordpress_02\/wp-content\/uploads\/2026\/01\/images-24-5.jpeg 225w, https:\/\/dupont.tmp26.iutn.o2switch.site\/module_2_wordpress\/wordpress_02\/wp-content\/uploads\/2026\/01\/images-24-5-150x150.jpeg 150w\" sizes=\"auto, (max-width: 225px) 100vw, 225px\" \/><span aria-hidden=\"true\" class=\"wp-block-cover__background has-background-dim\"><\/span><div class=\"wp-block-cover__inner-container is-layout-flow wp-block-cover-is-layout-flow\">\n<p class=\"has-text-align-center has-large-font-size\"><strong>COMMUNICATION ET EFFICACITE PROFESSIONNELLE<\/strong><\/p>\n\n\n\n<p class=\"has-text-align-center\">D\u00e9velopper une communication efficace et mieux g\u00e9rer son organisation, son stress, les conflits et les transitions professionnelles<\/p>\n\n\n\n<div class=\"wp-block-buttons is-content-justification-center is-layout-flex wp-container-core-buttons-is-layout-16018d1d wp-block-buttons-is-layout-flex\">\n<div class=\"wp-block-button\"><a class=\"wp-block-button__link has-luminous-vivid-amber-background-color has-background has-text-align-center wp-element-button\">D\u00e9couvrir<\/a><\/div>\n<\/div>\n<\/div><\/div>\n<\/div>\n<\/div>\n\n\n\n<div class=\"wp-block-columns is-layout-flex wp-container-core-columns-is-layout-9d6595d7 wp-block-columns-is-layout-flex\">\n<div class=\"wp-block-column is-layout-flow wp-block-column-is-layout-flow\">\n<div class=\"wp-block-cover\" style=\"min-height:320px;aspect-ratio:unset;\"><img loading=\"lazy\" decoding=\"async\" width=\"225\" height=\"225\" class=\"wp-block-cover__image-background wp-image-334\" alt=\"\" src=\"https:\/\/dupont.tmp26.iutn.o2switch.site\/module_2_wordpress\/wordpress_02\/wp-content\/uploads\/2026\/01\/images-24-7.jpeg\" data-object-fit=\"cover\" srcset=\"https:\/\/dupont.tmp26.iutn.o2switch.site\/module_2_wordpress\/wordpress_02\/wp-content\/uploads\/2026\/01\/images-24-7.jpeg 225w, https:\/\/dupont.tmp26.iutn.o2switch.site\/module_2_wordpress\/wordpress_02\/wp-content\/uploads\/2026\/01\/images-24-7-150x150.jpeg 150w\" sizes=\"auto, (max-width: 225px) 100vw, 225px\" \/><span aria-hidden=\"true\" class=\"wp-block-cover__background has-background-dim\"><\/span><div class=\"wp-block-cover__inner-container is-layout-flow wp-block-cover-is-layout-flow\">\n<p class=\"has-text-align-center has-large-font-size\"><strong>COMMERCE, ACHATS, INTERNATIONAL<\/strong><\/p>\n\n\n\n<p class=\"has-text-align-center\">Se former aux m\u00e9tiers du commerce, \u00e0 la vente, \u00e0 la gestion de caisse, \u00e0 l\u2019attractivit\u00e9 du point de vente et aux r\u00e8gles d\u2019hygi\u00e8ne et d\u2019exploitation.<\/p>\n\n\n\n<div class=\"wp-block-buttons is-content-justification-center is-layout-flex wp-container-core-buttons-is-layout-16018d1d wp-block-buttons-is-layout-flex\">\n<div class=\"wp-block-button\"><a class=\"wp-block-button__link has-luminous-vivid-amber-background-color has-background wp-element-button\">D\u00e9couvrir<\/a><\/div>\n<\/div>\n<\/div><\/div>\n<\/div>\n\n\n\n<div class=\"wp-block-column is-layout-flow wp-block-column-is-layout-flow\">\n<div class=\"wp-block-cover\" style=\"min-height:320px;aspect-ratio:unset;\"><img loading=\"lazy\" decoding=\"async\" width=\"225\" height=\"225\" class=\"wp-block-cover__image-background wp-image-335\" alt=\"\" src=\"https:\/\/dupont.tmp26.iutn.o2switch.site\/module_2_wordpress\/wordpress_02\/wp-content\/uploads\/2026\/01\/images-24-8.jpeg\" data-object-fit=\"cover\" srcset=\"https:\/\/dupont.tmp26.iutn.o2switch.site\/module_2_wordpress\/wordpress_02\/wp-content\/uploads\/2026\/01\/images-24-8.jpeg 225w, https:\/\/dupont.tmp26.iutn.o2switch.site\/module_2_wordpress\/wordpress_02\/wp-content\/uploads\/2026\/01\/images-24-8-150x150.jpeg 150w\" sizes=\"auto, (max-width: 225px) 100vw, 225px\" \/><span aria-hidden=\"true\" class=\"wp-block-cover__background has-background-dim\"><\/span><div class=\"wp-block-cover__inner-container is-layout-flow wp-block-cover-is-layout-flow\">\n<p class=\"has-text-align-center has-large-font-size\"><strong>DIGITAL ET NUMERIQUE<\/strong><\/p>\n\n\n\n<p class=\"has-text-align-center\">D\u00e9velopper les comp\u00e9tences num\u00e9riques : communication digitale, r\u00e9seaux sociaux, cybers\u00e9curit\u00e9 et conformit\u00e9 RGPD.<\/p>\n\n\n\n<div class=\"wp-block-buttons is-content-justification-center is-layout-flex wp-container-core-buttons-is-layout-16018d1d wp-block-buttons-is-layout-flex\">\n<div class=\"wp-block-button\"><a class=\"wp-block-button__link has-luminous-vivid-amber-background-color has-background wp-element-button\" href=\"https:\/\/dupont.tmp26.iutn.o2switch.site\/module_2_wordpress\/wordpress_02\/categories\/digital-et-numerique\/\">D\u00e9couvrir<\/a><\/div>\n<\/div>\n<\/div><\/div>\n<\/div>\n<\/div>\n\n\n\n<div class=\"wp-block-columns is-layout-flex wp-container-core-columns-is-layout-9d6595d7 wp-block-columns-is-layout-flex\">\n<div class=\"wp-block-column is-layout-flow wp-block-column-is-layout-flow\">\n<div class=\"wp-block-cover\" style=\"min-height:320px;aspect-ratio:unset;\"><img loading=\"lazy\" decoding=\"async\" width=\"225\" height=\"225\" class=\"wp-block-cover__image-background wp-image-421\" alt=\"\" src=\"https:\/\/dupont.tmp26.iutn.o2switch.site\/module_2_wordpress\/wordpress_02\/wp-content\/uploads\/2026\/01\/images-24-9.jpeg\" data-object-fit=\"cover\" srcset=\"https:\/\/dupont.tmp26.iutn.o2switch.site\/module_2_wordpress\/wordpress_02\/wp-content\/uploads\/2026\/01\/images-24-9.jpeg 225w, https:\/\/dupont.tmp26.iutn.o2switch.site\/module_2_wordpress\/wordpress_02\/wp-content\/uploads\/2026\/01\/images-24-9-150x150.jpeg 150w\" sizes=\"auto, (max-width: 225px) 100vw, 225px\" \/><span aria-hidden=\"true\" class=\"wp-block-cover__background has-background-dim\"><\/span><div class=\"wp-block-cover__inner-container is-layout-flow wp-block-cover-is-layout-flow\">\n<p class=\"has-text-align-center has-large-font-size\"><strong>COMPTABILITE, FINANCE ET RH<\/strong><\/p>\n\n\n\n<p class=\"has-text-align-center\">Acqu\u00e9rir et renforcer les comp\u00e9tences en comptabilit\u00e9 et en gestion de la paie.<\/p>\n\n\n\n<div class=\"wp-block-buttons is-content-justification-center is-layout-flex wp-container-core-buttons-is-layout-16018d1d wp-block-buttons-is-layout-flex\">\n<div class=\"wp-block-button\"><a class=\"wp-block-button__link has-luminous-vivid-amber-background-color has-background wp-element-button\">D\u00e9couvrir<\/a><\/div>\n<\/div>\n<\/div><\/div>\n<\/div>\n\n\n\n<div class=\"wp-block-column is-layout-flow wp-block-column-is-layout-flow\">\n<div class=\"wp-block-cover\" style=\"min-height:320px;aspect-ratio:unset;\"><img loading=\"lazy\" decoding=\"async\" width=\"225\" height=\"225\" class=\"wp-block-cover__image-background wp-image-422\" alt=\"\" src=\"https:\/\/dupont.tmp26.iutn.o2switch.site\/module_2_wordpress\/wordpress_02\/wp-content\/uploads\/2026\/01\/images-24-10.jpeg\" data-object-fit=\"cover\" srcset=\"https:\/\/dupont.tmp26.iutn.o2switch.site\/module_2_wordpress\/wordpress_02\/wp-content\/uploads\/2026\/01\/images-24-10.jpeg 225w, https:\/\/dupont.tmp26.iutn.o2switch.site\/module_2_wordpress\/wordpress_02\/wp-content\/uploads\/2026\/01\/images-24-10-150x150.jpeg 150w\" sizes=\"auto, (max-width: 225px) 100vw, 225px\" \/><span aria-hidden=\"true\" class=\"wp-block-cover__background has-background-dim\"><\/span><div class=\"wp-block-cover__inner-container is-layout-flow wp-block-cover-is-layout-flow\">\n<p class=\"has-text-align-center has-large-font-size\"><strong>BUREAUTIQUE<\/strong><\/p>\n\n\n\n<p class=\"has-text-align-center\">D\u00e9velopper les comp\u00e9tences en bureautique et en informatique, avec possibilit\u00e9 de certification ICDL.<\/p>\n\n\n\n<div class=\"wp-block-buttons is-content-justification-center is-layout-flex wp-container-core-buttons-is-layout-16018d1d wp-block-buttons-is-layout-flex\">\n<div class=\"wp-block-button\"><a class=\"wp-block-button__link has-luminous-vivid-amber-background-color has-background wp-element-button\">D\u00e9couvrir<\/a><\/div>\n<\/div>\n<\/div><\/div>\n<\/div>\n<\/div>\n\n\n\n<div class=\"wp-block-columns is-layout-flex wp-container-core-columns-is-layout-9d6595d7 wp-block-columns-is-layout-flex\">\n<div class=\"wp-block-column is-layout-flow wp-block-column-is-layout-flow\">\n<div class=\"wp-block-cover\" style=\"min-height:320px;aspect-ratio:unset;\"><img loading=\"lazy\" decoding=\"async\" width=\"225\" height=\"225\" class=\"wp-block-cover__image-background wp-image-430\" alt=\"\" src=\"https:\/\/dupont.tmp26.iutn.o2switch.site\/module_2_wordpress\/wordpress_02\/wp-content\/uploads\/2026\/01\/images-24-11.jpeg\" data-object-fit=\"cover\" srcset=\"https:\/\/dupont.tmp26.iutn.o2switch.site\/module_2_wordpress\/wordpress_02\/wp-content\/uploads\/2026\/01\/images-24-11.jpeg 225w, https:\/\/dupont.tmp26.iutn.o2switch.site\/module_2_wordpress\/wordpress_02\/wp-content\/uploads\/2026\/01\/images-24-11-150x150.jpeg 150w\" sizes=\"auto, (max-width: 225px) 100vw, 225px\" \/><span aria-hidden=\"true\" class=\"wp-block-cover__background has-background-dim\"><\/span><div class=\"wp-block-cover__inner-container is-layout-flow wp-block-cover-is-layout-flow\">\n<p class=\"has-text-align-center has-large-font-size\"><strong>GESTION D&rsquo;ENTREPRISE<\/strong><\/p>\n\n\n\n<p class=\"has-text-align-center\">Renforcer les comp\u00e9tences en gestion de projet, gestion financi\u00e8re, financements et pilotage d\u2019entreprise.<\/p>\n\n\n\n<div class=\"wp-block-buttons is-content-justification-center is-layout-flex wp-container-core-buttons-is-layout-16018d1d wp-block-buttons-is-layout-flex\">\n<div class=\"wp-block-button\"><a class=\"wp-block-button__link has-luminous-vivid-amber-background-color has-background has-text-align-center wp-element-button\">D\u00e9couvrir<\/a><\/div>\n<\/div>\n<\/div><\/div>\n<\/div>\n\n\n\n<div class=\"wp-block-column is-layout-flow wp-block-column-is-layout-flow\">\n<div class=\"wp-block-cover\" style=\"min-height:319px;aspect-ratio:unset;\"><img loading=\"lazy\" decoding=\"async\" width=\"225\" height=\"225\" class=\"wp-block-cover__image-background wp-image-433\" alt=\"\" src=\"https:\/\/dupont.tmp26.iutn.o2switch.site\/module_2_wordpress\/wordpress_02\/wp-content\/uploads\/2026\/01\/images-24-12.jpeg\" data-object-fit=\"cover\" srcset=\"https:\/\/dupont.tmp26.iutn.o2switch.site\/module_2_wordpress\/wordpress_02\/wp-content\/uploads\/2026\/01\/images-24-12.jpeg 225w, https:\/\/dupont.tmp26.iutn.o2switch.site\/module_2_wordpress\/wordpress_02\/wp-content\/uploads\/2026\/01\/images-24-12-150x150.jpeg 150w\" sizes=\"auto, (max-width: 225px) 100vw, 225px\" \/><span aria-hidden=\"true\" class=\"wp-block-cover__background has-background-dim\"><\/span><div class=\"wp-block-cover__inner-container is-layout-flow wp-block-cover-is-layout-flow\">\n<p class=\"has-text-align-center has-large-font-size\"><strong>AUTRE<\/strong><\/p>\n\n\n\n<p class=\"has-text-align-center\">Renforcer les comp\u00e9tences de base en lecture, \u00e9criture et calcul.<\/p>\n\n\n\n<div class=\"wp-block-buttons is-content-justification-center is-layout-flex wp-container-core-buttons-is-layout-16018d1d wp-block-buttons-is-layout-flex\">\n<div class=\"wp-block-button\"><a class=\"wp-block-button__link has-luminous-vivid-amber-background-color has-background wp-element-button\">D\u00e9couvrir<\/a><\/div>\n<\/div>\n<\/div><\/div>\n<\/div>\n<\/div>\n\n\n\n<div class=\"wp-block-columns is-layout-flex wp-container-core-columns-is-layout-9d6595d7 wp-block-columns-is-layout-flex\">\n<div class=\"wp-block-column is-layout-flow wp-block-column-is-layout-flow\">\n<div class=\"wp-block-cover\" style=\"min-height:320px;aspect-ratio:unset;\"><img loading=\"lazy\" decoding=\"async\" width=\"225\" height=\"225\" class=\"wp-block-cover__image-background wp-image-444\" alt=\"\" src=\"https:\/\/dupont.tmp26.iutn.o2switch.site\/module_2_wordpress\/wordpress_02\/wp-content\/uploads\/2026\/01\/images-24-13.jpeg\" data-object-fit=\"cover\" srcset=\"https:\/\/dupont.tmp26.iutn.o2switch.site\/module_2_wordpress\/wordpress_02\/wp-content\/uploads\/2026\/01\/images-24-13.jpeg 225w, https:\/\/dupont.tmp26.iutn.o2switch.site\/module_2_wordpress\/wordpress_02\/wp-content\/uploads\/2026\/01\/images-24-13-150x150.jpeg 150w\" sizes=\"auto, (max-width: 225px) 100vw, 225px\" \/><span aria-hidden=\"true\" class=\"wp-block-cover__background has-background-dim\"><\/span><div class=\"wp-block-cover__inner-container is-layout-flow wp-block-cover-is-layout-flow\">\n<p class=\"has-text-align-center has-large-font-size\"><strong>MANAGEMENT<\/strong><\/p>\n\n\n\n<p class=\"has-text-align-center\">D\u00e9velopper les comp\u00e9tences en management, animation d\u2019\u00e9quipe, tutorat, formation et pilotage de projets.<\/p>\n\n\n\n<div class=\"wp-block-buttons is-content-justification-center is-layout-flex wp-container-core-buttons-is-layout-16018d1d wp-block-buttons-is-layout-flex\">\n<div class=\"wp-block-button\"><a class=\"wp-block-button__link has-luminous-vivid-amber-background-color has-background wp-element-button\">D\u00e9couvrir<\/a><\/div>\n<\/div>\n<\/div><\/div>\n<\/div>\n\n\n\n<div class=\"wp-block-column is-layout-flow wp-block-column-is-layout-flow\">\n<div class=\"wp-block-cover\" style=\"min-height:320px;aspect-ratio:unset;\"><img loading=\"lazy\" decoding=\"async\" width=\"225\" height=\"225\" class=\"wp-block-cover__image-background wp-image-445\" alt=\"\" src=\"https:\/\/dupont.tmp26.iutn.o2switch.site\/module_2_wordpress\/wordpress_02\/wp-content\/uploads\/2026\/01\/images-24-14.jpeg\" data-object-fit=\"cover\" srcset=\"https:\/\/dupont.tmp26.iutn.o2switch.site\/module_2_wordpress\/wordpress_02\/wp-content\/uploads\/2026\/01\/images-24-14.jpeg 225w, https:\/\/dupont.tmp26.iutn.o2switch.site\/module_2_wordpress\/wordpress_02\/wp-content\/uploads\/2026\/01\/images-24-14-150x150.jpeg 150w\" sizes=\"auto, (max-width: 225px) 100vw, 225px\" \/><span aria-hidden=\"true\" class=\"wp-block-cover__background has-background-dim\"><\/span><div class=\"wp-block-cover__inner-container is-layout-flow wp-block-cover-is-layout-flow\">\n<p class=\"has-text-align-center has-large-font-size\"><strong>FORMATIONS DIPLOMANTES par emlyon business school<\/strong><\/p>\n\n\n\n<p class=\"has-text-align-center\">Acc\u00e9der \u00e0 des formations dipl\u00f4mantes de haut niveau en management avec emlyon business school (Executive Master, Executive MBA).<\/p>\n\n\n\n<div class=\"wp-block-buttons is-content-justification-center is-layout-flex wp-container-core-buttons-is-layout-16018d1d wp-block-buttons-is-layout-flex\">\n<div class=\"wp-block-button\"><a class=\"wp-block-button__link has-luminous-vivid-amber-background-color has-background wp-element-button\">D\u00e9couvrir<\/a><\/div>\n<\/div>\n<\/div><\/div>\n<\/div>\n<\/div>\n\n\n\n<div style=\"height:100px\" aria-hidden=\"true\" class=\"wp-block-spacer\"><\/div>\n\n\n\n<div class=\"wp-block-group alignfull is-content-justification-space-between is-layout-flex wp-container-core-group-is-layout-0904c582 wp-block-group-is-layout-flex\" style=\"margin-top:0;margin-bottom:0;padding-top:var(--wp--preset--spacing--50);padding-right:var(--wp--preset--spacing--30);padding-bottom:var(--wp--preset--spacing--50);padding-left:var(--wp--preset--spacing--30)\">\n<div class=\"wp-block-group wp-container-content-9cfa9a5a is-vertical is-layout-flex wp-container-core-group-is-layout-b7faace9 wp-block-group-is-layout-flex\"><h1 class=\"wp-block-site-title has-medium-font-size\"><a href=\"https:\/\/dupont.tmp26.iutn.o2switch.site\/module_2_wordpress\/wordpress_02\" target=\"_self\" rel=\"home\">SkillFor Campus<\/a><\/h1>\n\n\n<p class=\"has-text-align-left\">Rue Aubin Edmond,&nbsp;<br>Shoelcher, 97233<br>Martinique<\/p>\n\n\n\n<p class=\"has-text-align-left has-small-font-size\">Proudly powered by <a rel=\"nofollow\" href=\"https:\/\/wordpress.org\">WordPress<\/a> <\/p>\n\n\n\n<div style=\"height:0px\" aria-hidden=\"true\" class=\"wp-block-spacer wp-container-content-541a6b20\"><\/div>\n<\/div>\n\n\n\n<div class=\"wp-block-group is-content-justification-right is-layout-flex wp-container-core-group-is-layout-58daa69f wp-block-group-is-layout-flex\">\n<div class=\"wp-block-group is-vertical is-layout-flex wp-container-core-group-is-layout-8cf370e7 wp-block-group-is-layout-flex\">\n<p class=\"has-text-align-left\">Pages<\/p>\n\n\n<nav class=\"has-small-font-size items-justified-left is-vertical no-wrap wp-block-navigation is-content-justification-left is-nowrap is-layout-flex wp-container-core-navigation-is-layout-13b8677b wp-block-navigation-is-layout-flex\"><ul class=\"wp-block-navigation__container has-small-font-size items-justified-left is-vertical no-wrap wp-block-navigation has-small-font-size\"><li class=\"has-small-font-size wp-block-navigation-item wp-block-navigation-link\"><a class=\"wp-block-navigation-item__content\"  href=\"https:\/\/dupont.tmp26.iutn.o2switch.site\/module_2_wordpress\/wordpress_02\/accueil\/\"><span class=\"wp-block-navigation-item__label\">Accueil<\/span><\/a><\/li><li class=\"has-small-font-size wp-block-navigation-item wp-block-navigation-link\"><a class=\"wp-block-navigation-item__content\"  href=\"https:\/\/dupont.tmp26.iutn.o2switch.site\/module_2_wordpress\/wordpress_02\/lp-e-commerce\/\"><span class=\"wp-block-navigation-item__label\">LP E-Commerce<\/span><\/a><\/li><li data-wp-context=\"{ &quot;submenuOpenedBy&quot;: { &quot;click&quot;: false, &quot;hover&quot;: false, &quot;focus&quot;: false }, &quot;type&quot;: &quot;submenu&quot;, &quot;modal&quot;: null, &quot;previousFocus&quot;: null }\" data-wp-interactive=\"core\/navigation\" data-wp-on--focusout=\"actions.handleMenuFocusout\" data-wp-on--keydown=\"actions.handleMenuKeydown\" data-wp-on--mouseenter=\"actions.openMenuOnHover\" data-wp-on--mouseleave=\"actions.closeMenuOnHover\" data-wp-watch=\"callbacks.initMenu\" tabindex=\"-1\" class=\"wp-block-navigation-item has-small-font-size has-child open-on-hover-click wp-block-navigation-submenu\"><a class=\"wp-block-navigation-item__content\" href=\"https:\/\/dupont.tmp26.iutn.o2switch.site\/module_2_wordpress\/wordpress_02\/cfa\/\"><span class=\"wp-block-navigation-item__label\">CFA<\/span><\/a><button data-wp-bind--aria-expanded=\"state.isMenuOpen\" data-wp-on--click=\"actions.toggleMenuOnClick\" aria-label=\"Sous-menu CFA\" class=\"wp-block-navigation__submenu-icon wp-block-navigation-submenu__toggle\" ><svg xmlns=\"http:\/\/www.w3.org\/2000\/svg\" width=\"12\" height=\"12\" viewBox=\"0 0 12 12\" fill=\"none\" aria-hidden=\"true\" focusable=\"false\"><path d=\"M1.50002 4L6.00002 8L10.5 4\" stroke-width=\"1.5\"><\/path><\/svg><\/button><ul data-wp-on--focus=\"actions.openMenuOnFocus\" class=\"wp-block-navigation__submenu-container wp-block-navigation-submenu\"><li class=\"has-small-font-size wp-block-navigation-item wp-block-navigation-link\"><a class=\"wp-block-navigation-item__content\"  href=\"https:\/\/dupont.tmp26.iutn.o2switch.site\/module_2_wordpress\/wordpress_02\/cfa\/cfa-1\/\"><span class=\"wp-block-navigation-item__label\">CFA 1<\/span><\/a><\/li><li class=\"has-small-font-size wp-block-navigation-item wp-block-navigation-link\"><a class=\"wp-block-navigation-item__content\"  href=\"https:\/\/dupont.tmp26.iutn.o2switch.site\/module_2_wordpress\/wordpress_02\/cfa\/cfa-2\/\"><span class=\"wp-block-navigation-item__label\">CFA 2<\/span><\/a><\/li><\/ul><\/li><li class=\"has-small-font-size wp-block-navigation-item wp-block-navigation-link\"><a class=\"wp-block-navigation-item__content\"  href=\"https:\/\/dupont.tmp26.iutn.o2switch.site\/module_2_wordpress\/wordpress_02\/formation-conitnue\/\"><span class=\"wp-block-navigation-item__label\">Formation Conitnue<\/span><\/a><\/li><\/ul><\/nav>\n\n\n<div style=\"height:0px\" aria-hidden=\"true\" class=\"wp-block-spacer wp-container-content-541a6b20\"><\/div>\n<\/div>\n\n\n\n<div class=\"wp-block-group is-vertical is-layout-flex wp-container-core-group-is-layout-8cf370e7 wp-block-group-is-layout-flex\">\n<p class=\"has-text-align-left\">Social<\/p>\n\n\n\n<div class=\"wp-block-group is-vertical is-content-justification-left is-layout-flex wp-container-core-group-is-layout-d2172249 wp-block-group-is-layout-flex\">\n<p><a href=\"https:\/\/www.facebook.com\/SkillforCampus\/?locale=fr_FR\">Facebook<\/a><\/p>\n\n\n\n<p><a href=\"https:\/\/www.instagram.com\/skillforcampus\">Instagram<\/a><\/p>\n\n\n\n<p><a href=\"https:\/\/www.linkedin.com\/company\/skillfor-campus972\/\">LinkedIn<\/a><\/p>\n<\/div>\n\n\n\n<div style=\"height:0px\" aria-hidden=\"true\" class=\"wp-block-spacer wp-container-content-541a6b20\"><\/div>\n<\/div>\n<\/div>\n<\/div>\n","protected":false},"excerpt":{"rendered":"<p>Nos domaines d&rsquo;intervention Rue Aubin Edmond,&nbsp;Shoelcher, 97233Martinique Proudly powered by WordPress Pages Social Facebook Instagram LinkedIn<\/p>\n","protected":false},"author":5,"featured_media":0,"parent":0,"menu_order":0,"comment_status":"closed","ping_status":"closed","template":"","meta":{"footnotes":""},"class_list":["post-172","page","type-page","status-publish","hentry"],"_links":{"self":[{"href":"https:\/\/dupont.tmp26.iutn.o2switch.site\/module_2_wordpress\/wordpress_02\/wp-json\/wp\/v2\/pages\/172","targetHints":{"allow":["GET"]}}],"collection":[{"href":"https:\/\/dupont.tmp26.iutn.o2switch.site\/module_2_wordpress\/wordpress_02\/wp-json\/wp\/v2\/pages"}],"about":[{"href":"https:\/\/dupont.tmp26.iutn.o2switch.site\/module_2_wordpress\/wordpress_02\/wp-json\/wp\/v2\/types\/page"}],"author":[{"embeddable":true,"href":"https:\/\/dupont.tmp26.iutn.o2switch.site\/module_2_wordpress\/wordpress_02\/wp-json\/wp\/v2\/users\/5"}],"replies":[{"embeddable":true,"href":"https:\/\/dupont.tmp26.iutn.o2switch.site\/module_2_wordpress\/wordpress_02\/wp-json\/wp\/v2\/comments?post=172"}],"version-history":[{"count":65,"href":"https:\/\/dupont.tmp26.iutn.o2switch.site\/module_2_wordpress\/wordpress_02\/wp-json\/wp\/v2\/pages\/172\/revisions"}],"predecessor-version":[{"id":728,"href":"https:\/\/dupont.tmp26.iutn.o2switch.site\/module_2_wordpress\/wordpress_02\/wp-json\/wp\/v2\/pages\/172\/revisions\/728"}],"wp:attachment":[{"href":"https:\/\/dupont.tmp26.iutn.o2switch.site\/module_2_wordpress\/wordpress_02\/wp-json\/wp\/v2\/media?parent=172"}],"curies":[{"name":"wp","href":"https:\/\/api.w.org\/{rel}","templated":true}]}}